{"id":332,"date":"2024-11-27T14:43:41","date_gmt":"2024-11-27T14:43:41","guid":{"rendered":"https:\/\/euro-eko.mielec.pl\/new\/?page_id=332"},"modified":"2025-01-02T09:31:50","modified_gmt":"2025-01-02T09:31:50","slug":"paliwo-alternatywne","status":"publish","type":"page","link":"https:\/\/euro-eko.mielec.pl\/new\/paliwo-alternatywne\/","title":{"rendered":"PALIWO ALTERNATYWNE"},"content":{"rendered":"\t\t<div data-elementor-type=\"wp-page\" data-elementor-id=\"332\" class=\"elementor elementor-332\" data-elementor-post-type=\"page\">\n\t\t\t\t<div class=\"elementor-element elementor-element-aa2b3f6 e-flex e-con-boxed e-con e-parent\" data-id=\"aa2b3f6\" data-element_type=\"container\" data-e-type=\"container\" data-settings=\"{&quot;background_background&quot;:&quot;classic&quot;}\">\n\t\t\t\t\t<div class=\"e-con-inner\">\n\t\t\t\t<div class=\"elementor-element elementor-element-70435e4 animated-fast elementor-invisible elementor-widget elementor-widget-heading\" data-id=\"70435e4\" data-element_type=\"widget\" data-e-type=\"widget\" data-settings=\"{&quot;_animation&quot;:&quot;fadeInUp&quot;,&quot;_animation_delay&quot;:150}\" data-widget_type=\"heading.default\">\n\t\t\t\t<div class=\"elementor-widget-container\">\n\t\t\t\t\t<h2 class=\"elementor-heading-title elementor-size-default\">EURO-EKO SP. Z O.O.<\/h2>\t\t\t\t<\/div>\n\t\t\t\t<\/div>\n\t\t\t\t<div class=\"elementor-element elementor-element-4becf72 header_2 animated-fast elementor-invisible elementor-widget elementor-widget-heading\" data-id=\"4becf72\" data-element_type=\"widget\" data-e-type=\"widget\" data-settings=\"{&quot;_animation&quot;:&quot;fadeInUp&quot;}\" data-widget_type=\"heading.default\">\n\t\t\t\t<div class=\"elementor-widget-container\">\n\t\t\t\t\t<h1 class=\"elementor-heading-title elementor-size-default\">Paliwo alternatywne<\/h1>\t\t\t\t<\/div>\n\t\t\t\t<\/div>\n\t\t\t\t<div class=\"elementor-element elementor-element-acce052 animated-fast elementor-widget-divider--view-line elementor-invisible elementor-widget elementor-widget-divider\" data-id=\"acce052\" data-element_type=\"widget\" data-e-type=\"widget\" data-settings=\"{&quot;_animation&quot;:&quot;fadeInUp&quot;}\" data-widget_type=\"divider.default\">\n\t\t\t\t<div class=\"elementor-widget-container\">\n\t\t\t\t\t\t\t<div class=\"elementor-divider\">\n\t\t\t<span class=\"elementor-divider-separator\">\n\t\t\t\t\t\t<\/span>\n\t\t<\/div>\n\t\t\t\t\t\t<\/div>\n\t\t\t\t<\/div>\n\t\t\t\t\t<\/div>\n\t\t\t\t<\/div>\n\t\t<div class=\"elementor-element elementor-element-340cdaa e-flex e-con-boxed e-con e-parent\" data-id=\"340cdaa\" data-element_type=\"container\" data-e-type=\"container\" data-settings=\"{&quot;background_background&quot;:&quot;classic&quot;}\">\n\t\t\t\t\t<div class=\"e-con-inner\">\n\t\t<div class=\"elementor-element elementor-element-e19ce60 e-con-full animated-fast e-flex elementor-invisible e-con e-child\" data-id=\"e19ce60\" data-element_type=\"container\" data-e-type=\"container\" data-settings=\"{&quot;background_background&quot;:&quot;classic&quot;,&quot;animation&quot;:&quot;fadeIn&quot;}\">\n\t\t\t\t<div class=\"elementor-element elementor-element-87ffca0 animated-fast elementor-invisible elementor-widget elementor-widget-image\" data-id=\"87ffca0\" data-element_type=\"widget\" data-e-type=\"widget\" data-settings=\"{&quot;_animation&quot;:&quot;fadeInUp&quot;}\" data-widget_type=\"image.default\">\n\t\t\t\t<div class=\"elementor-widget-container\">\n\t\t\t\t\t\t\t\t\t\t\t\t\t\t\t<img decoding=\"async\" width=\"187\" height=\"97\" src=\"https:\/\/euro-eko.mielec.pl\/new\/wp-content\/uploads\/2024\/10\/cudzyslow-3.png\" class=\"attachment-full size-full wp-image-57\" alt=\"\" \/>\t\t\t\t\t\t\t\t\t\t\t\t\t\t\t<\/div>\n\t\t\t\t<\/div>\n\t\t\t\t<div class=\"elementor-element elementor-element-8cf5e5d animated-fast elementor-invisible elementor-widget elementor-widget-text-editor\" data-id=\"8cf5e5d\" data-element_type=\"widget\" data-e-type=\"widget\" data-settings=\"{&quot;_animation&quot;:&quot;fadeInUp&quot;}\" data-widget_type=\"text-editor.default\">\n\t\t\t\t<div class=\"elementor-widget-container\">\n\t\t\t\t\t\t\t\t\t<p>Podstawow\u0105 dzia\u0142alno\u015bci\u0105 firmy EURO-EKO Sp. z o.o. jest, jest gospodarka odpadami. Firma zajmuje si\u0119 przetwarzaniem odpad\u00f3w innych ni\u017c niebezpieczne do produkcji paliwa alternatywnego z terenu 4 wojew\u00f3dztw.<\/p><p>EURO-EKO Sp. z o.o. Posiada trzy zak\u0142ady produkcyjne wyposa\u017cone w nowoczesne linie do przetw\u00f3rstwa odpad\u00f3w: w Che\u0142mie, w Kozodrzy i w Mielcu. To klasyfikuje nas w \u015bcis\u0142ej czo\u0142\u00f3wce producent\u00f3w paliw alternatywnych RDF w Polsce<\/p><p>W procesie produkcji paliwa alternatywnego wykorzystywana jest nowoczesna technologia, w kt\u00f3rej surowcem s\u0105 kaloryczne odpady, m.in. przemys\u0142owe i przetworzone \u2013 komunalne.<\/p><p>Linie produkcyjne wyposa\u017cone w nowoczesne maszyny umo\u017cliwiaj\u0105 przetwarzanie odpad\u00f3w poprzez: wst\u0119pne rozdrobnienie, separacj\u0119 metali, przesianie odpad\u00f3w, separacj\u0119 balistyczn\u0105, a w ko\u0144cowym etapie produkcj\u0119 paliwa alternatywnego i jego suszenie.<\/p><p>W procesach przygotowania odpad\u00f3w do produkcji paliwa alternatywnego stosuje si\u0119 procesy biologicznego suszenia.<\/p><p>Produkowane przez Sp\u00f3\u0142k\u0119 EURO \u2013 EKO paliwa wykorzystywane s\u0105 jako substytut w\u0119gla w przemy\u015ble cementowym, co pozwala w spos\u00f3b racjonalny gospodarowa\u0107 nieodnawialnymi \u017ar\u00f3d\u0142ami energii i jednocze\u015bnie przyczynia si\u0119 do znacznego obni\u017cenia emisji CO2.<\/p>\t\t\t\t\t\t\t\t<\/div>\n\t\t\t\t<\/div>\n\t\t\t\t<div class=\"elementor-element elementor-element-c960379 elementor-widget elementor-widget-button\" data-id=\"c960379\" data-element_type=\"widget\" data-e-type=\"widget\" data-widget_type=\"button.default\">\n\t\t\t\t<div class=\"elementor-widget-container\">\n\t\t\t\t\t\t\t\t\t<div class=\"elementor-button-wrapper\">\n\t\t\t\t\t<a class=\"elementor-button elementor-button-link elementor-size-sm\" href=\"https:\/\/euro-eko.mielec.pl\/new\/kontakt\/\">\n\t\t\t\t\t\t<span class=\"elementor-button-content-wrapper\">\n\t\t\t\t\t\t<span class=\"elementor-button-icon\">\n\t\t\t\t<svg aria-hidden=\"true\" class=\"e-font-icon-svg e-fas-long-arrow-alt-right\" viewBox=\"0 0 448 512\" xmlns=\"http:\/\/www.w3.org\/2000\/svg\"><path d=\"M313.941 216H12c-6.627 0-12 5.373-12 12v56c0 6.627 5.373 12 12 12h301.941v46.059c0 21.382 25.851 32.09 40.971 16.971l86.059-86.059c9.373-9.373 9.373-24.569 0-33.941l-86.059-86.059c-15.119-15.119-40.971-4.411-40.971 16.971V216z\"><\/path><\/svg>\t\t\t<\/span>\n\t\t\t\t\t\t\t\t\t<span class=\"elementor-button-text\">Kontakt<\/span>\n\t\t\t\t\t<\/span>\n\t\t\t\t\t<\/a>\n\t\t\t\t<\/div>\n\t\t\t\t\t\t\t\t<\/div>\n\t\t\t\t<\/div>\n\t\t\t\t<\/div>\n\t\t\t\t\t<\/div>\n\t\t\t\t<\/div>\n\t\t<div class=\"elementor-element elementor-element-b142a3b e-flex e-con-boxed e-con e-parent\" data-id=\"b142a3b\" data-element_type=\"container\" data-e-type=\"container\" data-settings=\"{&quot;background_background&quot;:&quot;classic&quot;}\">\n\t\t\t\t\t<div class=\"e-con-inner\">\n\t\t\t\t<div class=\"elementor-element elementor-element-a90eb59 header_2 animated-fast elementor-invisible elementor-widget elementor-widget-heading\" data-id=\"a90eb59\" data-element_type=\"widget\" data-e-type=\"widget\" data-settings=\"{&quot;_animation&quot;:&quot;fadeInUp&quot;}\" data-widget_type=\"heading.default\">\n\t\t\t\t<div class=\"elementor-widget-container\">\n\t\t\t\t\t<h2 class=\"elementor-heading-title elementor-size-default\">Pozosta\u0142e US\u0141UGI<\/h2>\t\t\t\t<\/div>\n\t\t\t\t<\/div>\n\t\t\t\t<div class=\"elementor-element elementor-element-6f40c8e animated-fast elementor-widget-divider--view-line elementor-invisible elementor-widget elementor-widget-divider\" data-id=\"6f40c8e\" data-element_type=\"widget\" data-e-type=\"widget\" data-settings=\"{&quot;_animation&quot;:&quot;fadeInUp&quot;}\" data-widget_type=\"divider.default\">\n\t\t\t\t<div class=\"elementor-widget-container\">\n\t\t\t\t\t\t\t<div class=\"elementor-divider\">\n\t\t\t<span class=\"elementor-divider-separator\">\n\t\t\t\t\t\t<\/span>\n\t\t<\/div>\n\t\t\t\t\t\t<\/div>\n\t\t\t\t<\/div>\n\t\t<div class=\"elementor-element elementor-element-b2d07ee e-con-full e-flex e-con e-child\" data-id=\"b2d07ee\" data-element_type=\"container\" data-e-type=\"container\">\n\t\t\t\t<div class=\"elementor-element elementor-element-a56dba3 elementor-flip-box--direction-right elementor-flip-box--3d elementor-flip-box--effect-flip elementor-widget elementor-widget-flip-box\" data-id=\"a56dba3\" data-element_type=\"widget\" data-e-type=\"widget\" data-widget_type=\"flip-box.default\">\n\t\t\t\t<div class=\"elementor-widget-container\">\n\t\t\t\t\t\t\t<div class=\"elementor-flip-box\" tabindex=\"0\">\n\t\t\t<div class=\"elementor-flip-box__layer elementor-flip-box__front\">\n\t\t\t\t<div class=\"elementor-flip-box__layer__overlay\">\n\t\t\t\t\t<div class=\"elementor-flip-box__layer__inner\">\n\t\t\t\t\t\t\t\t\t\t\t\t\t<div class=\"elementor-flip-box__image\">\n\t\t\t\t\t\t\t\t<img decoding=\"async\" width=\"133\" height=\"133\" src=\"https:\/\/euro-eko.mielec.pl\/new\/wp-content\/uploads\/2024\/10\/icon-labo.png\" class=\"attachment-full size-full wp-image-77\" alt=\"\" \/>\t\t\t\t\t\t\t<\/div>\n\t\t\t\t\t\t\n\t\t\t\t\t\t\t\t\t\t\t\t\t<h3 class=\"elementor-flip-box__layer__title\">\n\t\t\t\t\t\t\t\tUS\u0141UGI LABORATORYJNE\t\t\t\t\t\t\t<\/h3>\n\t\t\t\t\t\t\n\t\t\t\t\t\t\t\t\t\t\t\t\t<div class=\"elementor-flip-box__layer__description\">\n\t\t\t\t\t\t\t\tDowiedz si\u0119 wi\u0119cej\t\t\t\t\t\t\t<\/div>\n\t\t\t\t\t\t\t\t\t\t\t<\/div>\n\t\t\t\t<\/div>\n\t\t\t<\/div>\n\t\t\t<div class=\"elementor-flip-box__layer elementor-flip-box__back\">\n\t\t\t<div class=\"elementor-flip-box__layer__overlay\">\n\t\t\t\t<div class=\"elementor-flip-box__layer__inner\">\n\t\t\t\t\t\n\t\t\t\t\t\t\t\t\t\t\t<div class=\"elementor-flip-box__layer__description\">\n\t\t\t\t\t\t\tNasze laboratorium wykonuje badania fizyczno-chemiczne przyjmowanych odpad\u00f3w, paliwa alternatywnego oraz biomasy.\t\t\t\t\t\t<\/div>\n\t\t\t\t\t\n\t\t\t\t\t\t\t\t\t\t\t<a class=\"elementor-flip-box__button elementor-button elementor-size-sm\" href=\"https:\/\/euro-eko.mielec.pl\/new\/uslugi-laboratoryjne\/\">\n\t\t\t\t\t\t\tDOWIEDZ SI\u0118 WI\u0118CEJ\t\t\t\t\t\t<\/a>\n\t\t\t\t\t\t\t\t<\/div>\n\t\t<\/div>\n\t\t<\/div>\n\t\t<\/div>\n\t\t\t\t\t\t<\/div>\n\t\t\t\t<\/div>\n\t\t\t\t<div class=\"elementor-element elementor-element-be0e560 elementor-flip-box--direction-right elementor-flip-box--3d elementor-flip-box--effect-flip elementor-widget elementor-widget-flip-box\" data-id=\"be0e560\" data-element_type=\"widget\" data-e-type=\"widget\" data-widget_type=\"flip-box.default\">\n\t\t\t\t<div class=\"elementor-widget-container\">\n\t\t\t\t\t\t\t<div class=\"elementor-flip-box\" tabindex=\"0\">\n\t\t\t<div class=\"elementor-flip-box__layer elementor-flip-box__front\">\n\t\t\t\t<div class=\"elementor-flip-box__layer__overlay\">\n\t\t\t\t\t<div class=\"elementor-flip-box__layer__inner\">\n\t\t\t\t\t\t\t\t\t\t\t\t\t<div class=\"elementor-flip-box__image\">\n\t\t\t\t\t\t\t\t<img decoding=\"async\" width=\"133\" height=\"133\" src=\"https:\/\/euro-eko.mielec.pl\/new\/wp-content\/uploads\/2024\/10\/skladowsisko-odpa.png\" class=\"attachment-thumbnail size-thumbnail wp-image-78\" alt=\"\" \/>\t\t\t\t\t\t\t<\/div>\n\t\t\t\t\t\t\n\t\t\t\t\t\t\t\t\t\t\t\t\t<h3 class=\"elementor-flip-box__layer__title\">\n\t\t\t\t\t\t\t\tSK\u0141ADOWISKO ODPAD\u00d3W\t\t\t\t\t\t\t<\/h3>\n\t\t\t\t\t\t\n\t\t\t\t\t\t\t\t\t\t\t\t\t<div class=\"elementor-flip-box__layer__description\">\n\t\t\t\t\t\t\t\tDowiedz si\u0119 wi\u0119cej\t\t\t\t\t\t\t<\/div>\n\t\t\t\t\t\t\t\t\t\t\t<\/div>\n\t\t\t\t<\/div>\n\t\t\t<\/div>\n\t\t\t<div class=\"elementor-flip-box__layer elementor-flip-box__back\">\n\t\t\t<div class=\"elementor-flip-box__layer__overlay\">\n\t\t\t\t<div class=\"elementor-flip-box__layer__inner\">\n\t\t\t\t\t\n\t\t\t\t\t\t\t\t\t\t\t<div class=\"elementor-flip-box__layer__description\">\n\t\t\t\t\t\t\tEuro-Eko posiada sk\u0142adowisko odpad\u00f3w innych ni\u017c niebezpieczne i oboj\u0119tne. Mamy r\u00f3wnie\u017c wydzielone komory na sk\u0142adowanie odpad\u00f3w niebezpiecznych.\t\t\t\t\t\t<\/div>\n\t\t\t\t\t\n\t\t\t\t\t\t\t\t\t\t\t<a class=\"elementor-flip-box__button elementor-button elementor-size-sm\" href=\"https:\/\/euro-eko.mielec.pl\/new\/skladowisko-odpadow\/\">\n\t\t\t\t\t\t\tDOWIEDZ SI\u0118 WI\u0118CEJ\t\t\t\t\t\t<\/a>\n\t\t\t\t\t\t\t\t<\/div>\n\t\t<\/div>\n\t\t<\/div>\n\t\t<\/div>\n\t\t\t\t\t\t<\/div>\n\t\t\t\t<\/div>\n\t\t\t\t<div class=\"elementor-element elementor-element-0aede99 elementor-flip-box--direction-right elementor-flip-box--3d elementor-flip-box--effect-flip elementor-widget elementor-widget-flip-box\" data-id=\"0aede99\" data-element_type=\"widget\" data-e-type=\"widget\" data-widget_type=\"flip-box.default\">\n\t\t\t\t<div class=\"elementor-widget-container\">\n\t\t\t\t\t\t\t<div class=\"elementor-flip-box\" tabindex=\"0\">\n\t\t\t<div class=\"elementor-flip-box__layer elementor-flip-box__front\">\n\t\t\t\t<div class=\"elementor-flip-box__layer__overlay\">\n\t\t\t\t\t<div class=\"elementor-flip-box__layer__inner\">\n\t\t\t\t\t\t\t\t\t\t\t\t\t<div class=\"elementor-flip-box__image\">\n\t\t\t\t\t\t\t\t<img loading=\"lazy\" decoding=\"async\" width=\"133\" height=\"133\" src=\"https:\/\/euro-eko.mielec.pl\/new\/wp-content\/uploads\/2024\/10\/zaklady-produkcyjne.png\" class=\"attachment-thumbnail size-thumbnail wp-image-79\" alt=\"\" \/>\t\t\t\t\t\t\t<\/div>\n\t\t\t\t\t\t\n\t\t\t\t\t\t\t\t\t\t\t\t\t<h3 class=\"elementor-flip-box__layer__title\">\n\t\t\t\t\t\t\t\tZAK\u0141ADY PRODUKCYJNE\t\t\t\t\t\t\t<\/h3>\n\t\t\t\t\t\t\n\t\t\t\t\t\t\t\t\t\t\t\t\t<div class=\"elementor-flip-box__layer__description\">\n\t\t\t\t\t\t\t\tDowiedz si\u0119 wi\u0119cej\t\t\t\t\t\t\t<\/div>\n\t\t\t\t\t\t\t\t\t\t\t<\/div>\n\t\t\t\t<\/div>\n\t\t\t<\/div>\n\t\t\t<div class=\"elementor-flip-box__layer elementor-flip-box__back\">\n\t\t\t<div class=\"elementor-flip-box__layer__overlay\">\n\t\t\t\t<div class=\"elementor-flip-box__layer__inner\">\n\t\t\t\t\t\n\t\t\t\t\t\t\t\t\t\t\t<div class=\"elementor-flip-box__layer__description\">\n\t\t\t\t\t\t\tDysponujemy trzema nowoczesnymi instalacjami do produkcji paliwa alternatywnego (RDF): w Mielcu, w Kozodrzy i w Che\u0142mie.\t\t\t\t\t\t<\/div>\n\t\t\t\t\t\n\t\t\t\t\t\t\t\t\t\t\t<a class=\"elementor-flip-box__button elementor-button elementor-size-sm\" href=\"https:\/\/euro-eko.mielec.pl\/new\/zaklady\/\">\n\t\t\t\t\t\t\tDOWIEDZ SI\u0118 WI\u0118CEJ\t\t\t\t\t\t<\/a>\n\t\t\t\t\t\t\t\t<\/div>\n\t\t<\/div>\n\t\t<\/div>\n\t\t<\/div>\n\t\t\t\t\t\t<\/div>\n\t\t\t\t<\/div>\n\t\t\t\t<\/div>\n\t\t\t\t\t<\/div>\n\t\t\t\t<\/div>\n\t\t\t\t<\/div>\n\t\t","protected":false},"excerpt":{"rendered":"<p>EURO-EKO SP. Z O.O. Paliwo alternatywne Podstawow\u0105 dzia\u0142alno\u015bci\u0105 firmy EURO-EKO Sp. z o.o. jest, jest gospodarka odpadami. Firma zajmuje si\u0119 przetwarzaniem odpad\u00f3w innych ni\u017c niebezpieczne do produkcji paliwa alternatywnego z terenu 4 wojew\u00f3dztw. EURO-EKO Sp. z o.o. Posiada trzy zak\u0142ady produkcyjne wyposa\u017cone w nowoczesne linie do przetw\u00f3rstwa odpad\u00f3w: w Che\u0142mie, w Kozodrzy i w Mielcu. [&hellip;]<\/p>\n","protected":false},"author":1,"featured_media":0,"parent":0,"menu_order":0,"comment_status":"closed","ping_status":"closed","template":"","meta":{"footnotes":""},"class_list":["post-332","page","type-page","status-publish","hentry"],"_links":{"self":[{"href":"https:\/\/euro-eko.mielec.pl\/new\/wp-json\/wp\/v2\/pages\/332","targetHints":{"allow":["GET"]}}],"collection":[{"href":"https:\/\/euro-eko.mielec.pl\/new\/wp-json\/wp\/v2\/pages"}],"about":[{"href":"https:\/\/euro-eko.mielec.pl\/new\/wp-json\/wp\/v2\/types\/page"}],"author":[{"embeddable":true,"href":"https:\/\/euro-eko.mielec.pl\/new\/wp-json\/wp\/v2\/users\/1"}],"replies":[{"embeddable":true,"href":"https:\/\/euro-eko.mielec.pl\/new\/wp-json\/wp\/v2\/comments?post=332"}],"version-history":[{"count":16,"href":"https:\/\/euro-eko.mielec.pl\/new\/wp-json\/wp\/v2\/pages\/332\/revisions"}],"predecessor-version":[{"id":2458,"href":"https:\/\/euro-eko.mielec.pl\/new\/wp-json\/wp\/v2\/pages\/332\/revisions\/2458"}],"wp:attachment":[{"href":"https:\/\/euro-eko.mielec.pl\/new\/wp-json\/wp\/v2\/media?parent=332"}],"curies":[{"name":"wp","href":"https:\/\/api.w.org\/{rel}","templated":true}]}}