{"id":3004,"date":"2025-01-16T14:55:55","date_gmt":"2025-01-16T14:55:55","guid":{"rendered":"https:\/\/euro-eko.mielec.pl\/new\/?page_id=3004"},"modified":"2025-02-04T12:32:20","modified_gmt":"2025-02-04T12:32:20","slug":"%d0%b0%d0%bb%d1%8c%d1%82%d0%b5%d1%80%d0%bd%d0%b0%d1%82%d0%b8%d0%b2%d0%bd%d0%b5-%d0%bf%d0%b0%d0%bb%d0%b8%d0%b2%d0%be","status":"publish","type":"page","link":"https:\/\/euro-eko.mielec.pl\/new\/uk\/%d0%b0%d0%bb%d1%8c%d1%82%d0%b5%d1%80%d0%bd%d0%b0%d1%82%d0%b8%d0%b2%d0%bd%d0%b5-%d0%bf%d0%b0%d0%bb%d0%b8%d0%b2%d0%be\/","title":{"rendered":"\u0410\u041b\u042c\u0422\u0415\u0420\u041d\u0410\u0422\u0418\u0412\u041d\u0415 \u041f\u0410\u041b\u0418\u0412\u041e"},"content":{"rendered":"\t\t<div data-elementor-type=\"wp-page\" data-elementor-id=\"3004\" class=\"elementor elementor-3004\" data-elementor-post-type=\"page\">\n\t\t\t\t<div class=\"elementor-element elementor-element-aa2b3f6 e-flex e-con-boxed e-con e-parent\" data-id=\"aa2b3f6\" data-element_type=\"container\" data-e-type=\"container\" data-settings=\"{&quot;background_background&quot;:&quot;classic&quot;}\">\n\t\t\t\t\t<div class=\"e-con-inner\">\n\t\t\t\t<div class=\"elementor-element elementor-element-70435e4 animated-fast elementor-invisible elementor-widget elementor-widget-heading\" data-id=\"70435e4\" data-element_type=\"widget\" data-e-type=\"widget\" data-settings=\"{&quot;_animation&quot;:&quot;fadeInUp&quot;,&quot;_animation_delay&quot;:150}\" data-widget_type=\"heading.default\">\n\t\t\t\t<div class=\"elementor-widget-container\">\n\t\t\t\t\t<h2 class=\"elementor-heading-title elementor-size-default\">EURO-EKO SP. Z O.O.<\/h2>\t\t\t\t<\/div>\n\t\t\t\t<\/div>\n\t\t\t\t<div class=\"elementor-element elementor-element-4becf72 header_2 animated-fast elementor-invisible elementor-widget elementor-widget-heading\" data-id=\"4becf72\" data-element_type=\"widget\" data-e-type=\"widget\" data-settings=\"{&quot;_animation&quot;:&quot;fadeInUp&quot;}\" data-widget_type=\"heading.default\">\n\t\t\t\t<div class=\"elementor-widget-container\">\n\t\t\t\t\t<h1 class=\"elementor-heading-title elementor-size-default\">\u0410\u041b\u042c\u0422\u0415\u0420\u041d\u0410\u0422\u0418\u0412\u041d\u0415 \u041f\u0410\u041b\u0418\u0412\u041e\n<\/h1>\t\t\t\t<\/div>\n\t\t\t\t<\/div>\n\t\t\t\t<div class=\"elementor-element elementor-element-acce052 animated-fast elementor-widget-divider--view-line elementor-invisible elementor-widget elementor-widget-divider\" data-id=\"acce052\" data-element_type=\"widget\" data-e-type=\"widget\" data-settings=\"{&quot;_animation&quot;:&quot;fadeInUp&quot;}\" data-widget_type=\"divider.default\">\n\t\t\t\t<div class=\"elementor-widget-container\">\n\t\t\t\t\t\t\t<div class=\"elementor-divider\">\n\t\t\t<span class=\"elementor-divider-separator\">\n\t\t\t\t\t\t<\/span>\n\t\t<\/div>\n\t\t\t\t\t\t<\/div>\n\t\t\t\t<\/div>\n\t\t\t\t\t<\/div>\n\t\t\t\t<\/div>\n\t\t<div class=\"elementor-element elementor-element-340cdaa e-flex e-con-boxed e-con e-parent\" data-id=\"340cdaa\" data-element_type=\"container\" data-e-type=\"container\" data-settings=\"{&quot;background_background&quot;:&quot;classic&quot;}\">\n\t\t\t\t\t<div class=\"e-con-inner\">\n\t\t<div class=\"elementor-element elementor-element-e19ce60 e-con-full animated-fast e-flex elementor-invisible e-con e-child\" data-id=\"e19ce60\" data-element_type=\"container\" data-e-type=\"container\" data-settings=\"{&quot;background_background&quot;:&quot;classic&quot;,&quot;animation&quot;:&quot;fadeIn&quot;}\">\n\t\t\t\t<div class=\"elementor-element elementor-element-87ffca0 animated-fast elementor-invisible elementor-widget elementor-widget-image\" data-id=\"87ffca0\" data-element_type=\"widget\" data-e-type=\"widget\" data-settings=\"{&quot;_animation&quot;:&quot;fadeInUp&quot;}\" data-widget_type=\"image.default\">\n\t\t\t\t<div class=\"elementor-widget-container\">\n\t\t\t\t\t\t\t\t\t\t\t\t\t\t\t<img decoding=\"async\" width=\"187\" height=\"97\" src=\"https:\/\/euro-eko.mielec.pl\/new\/wp-content\/uploads\/2024\/10\/cudzyslow-3.png\" class=\"attachment-full size-full wp-image-57\" alt=\"\" \/>\t\t\t\t\t\t\t\t\t\t\t\t\t\t\t<\/div>\n\t\t\t\t<\/div>\n\t\t\t\t<div class=\"elementor-element elementor-element-8cf5e5d animated-fast elementor-invisible elementor-widget elementor-widget-text-editor\" data-id=\"8cf5e5d\" data-element_type=\"widget\" data-e-type=\"widget\" data-settings=\"{&quot;_animation&quot;:&quot;fadeInUp&quot;}\" data-widget_type=\"text-editor.default\">\n\t\t\t\t<div class=\"elementor-widget-container\">\n\t\t\t\t\t\t\t\t\t<p>\u041e\u0441\u043d\u043e\u0432\u043d\u0438\u0439 \u0432\u0438\u0434 \u0434\u0456\u044f\u043b\u044c\u043d\u043e\u0441\u0442\u0456 EURO-EKO Sp. z o.o. \u2013 \u0446\u0435 \u043f\u043e\u0432\u043e\u0434\u0436\u0435\u043d\u043d\u044f \u0437 \u0432\u0456\u0434\u0445\u043e\u0434\u0430\u043c\u0438. \u041a\u043e\u043c\u043f\u0430\u043d\u0456\u044f \u0437\u0430\u0439\u043c\u0430\u0454\u0442\u044c\u0441\u044f \u043f\u0435\u0440\u0435\u0440\u043e\u0431\u043a\u043e\u044e \u0431\u0435\u0437\u043f\u0435\u0447\u043d\u0438\u0445 \u0432\u0456\u0434\u0445\u043e\u0434\u0456\u0432 \u0434\u043b\u044f \u0432\u0438\u0440\u043e\u0431\u043d\u0438\u0446\u0442\u0432\u0430 \u0430\u043b\u044c\u0442\u0435\u0440\u043d\u0430\u0442\u0438\u0432\u043d\u043e\u0433\u043e \u043f\u0430\u043b\u0438\u0432\u0430 \u0437 \u0442\u0435\u0440\u0438\u0442\u043e\u0440\u0456\u0457 \u0447\u043e\u0442\u0438\u0440\u044c\u043e\u0445 \u043e\u0431\u043b\u0430\u0441\u0442\u0435\u0439 \u043a\u0440\u0430\u0457\u043d\u0438.<\/p><p>EURO-EKO Sp. z o.o. Posiada trzy zak\u0142ady produkcyjne wyposa\u017cone w nowoczesne linie do przetw\u00f3rstwa odpad\u00f3w: w Che\u0142mie, w Kozodrzy i w Mielcu. To klasyfikuje nas w \u015bcis\u0142ej czo\u0142\u00f3wce producent\u00f3w paliw alternatywnych RDF w Polsce<\/p><p>\u0423 \u043f\u0440\u043e\u0446\u0435\u0441\u0456 \u0432\u0438\u0440\u043e\u0431\u043d\u0438\u0446\u0442\u0432\u0430 \u0430\u043b\u044c\u0442\u0435\u0440\u043d\u0430\u0442\u0438\u0432\u043d\u043e\u0433\u043e \u043f\u0430\u043b\u0438\u0432\u0430 \u0437\u0430\u0441\u0442\u043e\u0441\u043e\u0432\u0443\u044e\u0442\u044c\u0441\u044f \u043d\u043e\u0432\u0456\u0442\u043d\u0456 \u0442\u0435\u0445\u043d\u043e\u043b\u043e\u0433\u0456\u0457, \u0443 \u044f\u043a\u0438\u0445 \u0441\u0438\u0440\u043e\u0432\u0438\u043d\u043e\u044e \u0454 \u043a\u0430\u043b\u043e\u0440\u0456\u0439\u043d\u0456 \u0432\u0456\u0434\u0445\u043e\u0434\u0438, \u0432 \u0442.\u0447. \u043f\u0440\u043e\u043c\u0438\u0441\u043b\u043e\u0432\u0456 \u0442\u0430 \u043f\u0435\u0440\u0435\u0440\u043e\u0431\u043b\u0435\u043d\u0456 \u2014 \u043a\u043e\u043c\u0443\u043d\u0430\u043b\u044c\u043d\u0456.<br \/>\u0412\u0438\u0440\u043e\u0431\u043d\u0438\u0447\u0456 \u043b\u0456\u043d\u0456\u0457, \u043e\u0441\u043d\u0430\u0449\u0435\u043d\u0456 \u0441\u0443\u0447\u0430\u0441\u043d\u0438\u043c \u043e\u0431\u043b\u0430\u0434\u043d\u0430\u043d\u043d\u044f\u043c, \u0434\u043e\u0437\u0432\u043e\u043b\u044f\u044e\u0442\u044c \u043f\u0435\u0440\u0435\u0440\u043e\u0431\u043b\u044f\u0442\u0438 \u0432\u0456\u0434\u0445\u043e\u0434\u0438 \u043d\u0430\u0441\u0442\u0443\u043f\u043d\u0438\u043c \u0448\u043b\u044f\u0445\u043e\u043c: \u043f\u043e\u043f\u0435\u0440\u0435\u0434\u043d\u0454 \u043f\u043e\u0434\u0440\u0456\u0431\u043b\u0435\u043d\u043d\u044f, \u0432\u0456\u0434\u043e\u043a\u0440\u0435\u043c\u043b\u0435\u043d\u043d\u044f \u043c\u0435\u0442\u0430\u043b\u0456\u0432, \u0432\u0456\u0434\u0441\u0456\u0432 \u0432\u0456\u0434\u0445\u043e\u0434\u0456\u0432, \u0431\u0430\u043b\u0456\u0441\u0442\u0438\u0447\u043d\u0435 \u0432\u0456\u0434\u043e\u043a\u0440\u0435\u043c\u043b\u0435\u043d\u043d\u044f, \u0430 \u043d\u0430 \u0437\u0430\u0432\u0435\u0440\u0448\u0443\u044e\u0447\u043e\u043c\u0443 \u0435\u0442\u0430\u043f\u0456 \u2013 \u0432\u0438\u0433\u043e\u0442\u043e\u0432\u043b\u0435\u043d\u043d\u044f \u0430\u043b\u044c\u0442\u0435\u0440\u043d\u0430\u0442\u0438\u0432\u043d\u043e\u0433\u043e \u043f\u0430\u043b\u0438\u0432\u0430 \u0442\u0430 \u0439\u043e\u0433\u043e \u0441\u0443\u0448\u043a\u0430.<br \/>\u0423 \u043f\u0440\u043e\u0446\u0435\u0441\u0430\u0445 \u043f\u0456\u0434\u0433\u043e\u0442\u043e\u0432\u043a\u0438 \u0432\u0456\u0434\u0445\u043e\u0434\u0456\u0432 \u0434\u043b\u044f \u0432\u0438\u0440\u043e\u0431\u043d\u0438\u0446\u0442\u0432\u0430 \u0430\u043b\u044c\u0442\u0435\u0440\u043d\u0430\u0442\u0438\u0432\u043d\u043e\u0433\u043e \u043f\u0430\u043b\u0438\u0432\u0430 \u0432\u0438\u043a\u043e\u0440\u0438\u0441\u0442\u043e\u0432\u0443\u044e\u0442\u044c\u0441\u044f \u043f\u0440\u043e\u0446\u0435\u0441\u0438 \u0431\u0456\u043e\u043b\u043e\u0433\u0456\u0447\u043d\u043e\u0457 \u0441\u0443\u0448\u043a\u0438.<\/p><p>\u041f\u0430\u043b\u0438\u0432\u0430, \u044f\u043a\u0456 \u0432\u0438\u0440\u043e\u0431\u043b\u044f\u044e\u0442\u044c\u0441\u044f EURO-EKO, \u0432\u0438\u043a\u043e\u0440\u0438\u0441\u0442\u043e\u0432\u0443\u044e\u0442\u044c\u0441\u044f \u044f\u043a \u0437\u0430\u043c\u0456\u043d\u043d\u0438\u043a \u0432\u0443\u0433\u0456\u043b\u043b\u044f \u0443 \u0446\u0435\u043c\u0435\u043d\u0442\u043d\u0456\u0439 \u043f\u0440\u043e\u043c\u0438\u0441\u043b\u043e\u0432\u043e\u0441\u0442\u0456, \u0449\u043e \u0434\u043e\u0437\u0432\u043e\u043b\u044f\u0454 \u0440\u0430\u0446\u0456\u043e\u043d\u0430\u043b\u044c\u043d\u043e \u0440\u043e\u0437\u043f\u043e\u0440\u044f\u0434\u0436\u0430\u0442\u0438\u0441\u044f \u043d\u0435\u0432\u0456\u0434\u043d\u043e\u0432\u043b\u044e\u0432\u0430\u043b\u044c\u043d\u0438\u043c\u0438 \u0434\u0436\u0435\u0440\u0435\u043b\u0430\u043c\u0438 \u0435\u043d\u0435\u0440\u0433\u0456\u0457 \u0442\u0430 \u0432\u043e\u0434\u043d\u043e\u0447\u0430\u0441 \u0441\u043f\u0440\u0438\u044f\u0454 \u0437\u043d\u0430\u0447\u043d\u043e\u043c\u0443 \u0437\u043c\u0435\u043d\u0448\u0435\u043d\u043d\u044e \u0432\u0438\u043a\u0438\u0434\u0456\u0432 CO2.<\/p>\t\t\t\t\t\t\t\t<\/div>\n\t\t\t\t<\/div>\n\t\t\t\t<div class=\"elementor-element elementor-element-c960379 elementor-widget elementor-widget-button\" data-id=\"c960379\" data-element_type=\"widget\" data-e-type=\"widget\" data-widget_type=\"button.default\">\n\t\t\t\t<div class=\"elementor-widget-container\">\n\t\t\t\t\t\t\t\t\t<div class=\"elementor-button-wrapper\">\n\t\t\t\t\t<a class=\"elementor-button elementor-button-link elementor-size-sm\" href=\"https:\/\/euro-eko.mielec.pl\/new\/uk\/%d0%ba%d0%be%d0%bd%d1%82%d0%b0%d0%ba%d1%82\/\">\n\t\t\t\t\t\t<span class=\"elementor-button-content-wrapper\">\n\t\t\t\t\t\t<span class=\"elementor-button-icon\">\n\t\t\t\t<svg aria-hidden=\"true\" class=\"e-font-icon-svg e-fas-long-arrow-alt-right\" viewBox=\"0 0 448 512\" xmlns=\"http:\/\/www.w3.org\/2000\/svg\"><path d=\"M313.941 216H12c-6.627 0-12 5.373-12 12v56c0 6.627 5.373 12 12 12h301.941v46.059c0 21.382 25.851 32.09 40.971 16.971l86.059-86.059c9.373-9.373 9.373-24.569 0-33.941l-86.059-86.059c-15.119-15.119-40.971-4.411-40.971 16.971V216z\"><\/path><\/svg>\t\t\t<\/span>\n\t\t\t\t\t\t\t\t\t<span class=\"elementor-button-text\">\u043a\u043e\u043d\u0442\u0430\u043a\u0442<\/span>\n\t\t\t\t\t<\/span>\n\t\t\t\t\t<\/a>\n\t\t\t\t<\/div>\n\t\t\t\t\t\t\t\t<\/div>\n\t\t\t\t<\/div>\n\t\t\t\t<\/div>\n\t\t\t\t\t<\/div>\n\t\t\t\t<\/div>\n\t\t<div class=\"elementor-element elementor-element-b142a3b e-flex e-con-boxed e-con e-parent\" data-id=\"b142a3b\" data-element_type=\"container\" data-e-type=\"container\" data-settings=\"{&quot;background_background&quot;:&quot;classic&quot;}\">\n\t\t\t\t\t<div class=\"e-con-inner\">\n\t\t\t\t<div class=\"elementor-element elementor-element-a90eb59 header_2 animated-fast elementor-invisible elementor-widget elementor-widget-heading\" data-id=\"a90eb59\" data-element_type=\"widget\" data-e-type=\"widget\" data-settings=\"{&quot;_animation&quot;:&quot;fadeInUp&quot;}\" data-widget_type=\"heading.default\">\n\t\t\t\t<div class=\"elementor-widget-container\">\n\t\t\t\t\t<h2 class=\"elementor-heading-title elementor-size-default\">\u0411\u0456\u043b\u044c\u0448\u0435 \u043f\u043e\u0441\u043b\u0443\u0433\n<\/h2>\t\t\t\t<\/div>\n\t\t\t\t<\/div>\n\t\t\t\t<div class=\"elementor-element elementor-element-6f40c8e animated-fast elementor-widget-divider--view-line elementor-invisible elementor-widget elementor-widget-divider\" data-id=\"6f40c8e\" data-element_type=\"widget\" data-e-type=\"widget\" data-settings=\"{&quot;_animation&quot;:&quot;fadeInUp&quot;}\" data-widget_type=\"divider.default\">\n\t\t\t\t<div class=\"elementor-widget-container\">\n\t\t\t\t\t\t\t<div class=\"elementor-divider\">\n\t\t\t<span class=\"elementor-divider-separator\">\n\t\t\t\t\t\t<\/span>\n\t\t<\/div>\n\t\t\t\t\t\t<\/div>\n\t\t\t\t<\/div>\n\t\t<div class=\"elementor-element elementor-element-e2680af e-con-full e-flex e-con e-child\" data-id=\"e2680af\" data-element_type=\"container\" data-e-type=\"container\">\n\t\t\t\t<div class=\"elementor-element elementor-element-0a589ec elementor-flip-box--direction-right elementor-flip-box--3d elementor-flip-box--effect-flip elementor-widget elementor-widget-flip-box\" data-id=\"0a589ec\" data-element_type=\"widget\" data-e-type=\"widget\" data-widget_type=\"flip-box.default\">\n\t\t\t\t<div class=\"elementor-widget-container\">\n\t\t\t\t\t\t\t<div class=\"elementor-flip-box\" tabindex=\"0\">\n\t\t\t<div class=\"elementor-flip-box__layer elementor-flip-box__front\">\n\t\t\t\t<div class=\"elementor-flip-box__layer__overlay\">\n\t\t\t\t\t<div class=\"elementor-flip-box__layer__inner\">\n\t\t\t\t\t\t\t\t\t\t\t\t\t<div class=\"elementor-flip-box__image\">\n\t\t\t\t\t\t\t\t<img decoding=\"async\" width=\"133\" height=\"133\" src=\"https:\/\/euro-eko.mielec.pl\/new\/wp-content\/uploads\/2024\/10\/icon-labo.png\" class=\"attachment-full size-full wp-image-77\" alt=\"\" \/>\t\t\t\t\t\t\t<\/div>\n\t\t\t\t\t\t\n\t\t\t\t\t\t\t\t\t\t\t\t\t<h3 class=\"elementor-flip-box__layer__title\">\n\t\t\t\t\t\t\t\t\u041b\u0410\u0411\u041e\u0420\u0410\u0422\u041e\u0420\u041d\u0406 \u041f\u041e\u0421\u041b\u0423\u0413\u0418\t\t\t\t\t\t\t<\/h3>\n\t\t\t\t\t\t\n\t\t\t\t\t\t\t\t\t\t\t\t\t<div class=\"elementor-flip-box__layer__description\">\n\t\t\t\t\t\t\t\t\u0414\u0456\u0437\u043d\u0430\u0439\u0442\u0435\u0441\u044c \u0431\u0456\u043b\u044c\u0448\u0435\n\t\t\t\t\t\t\t<\/div>\n\t\t\t\t\t\t\t\t\t\t\t<\/div>\n\t\t\t\t<\/div>\n\t\t\t<\/div>\n\t\t\t<div class=\"elementor-flip-box__layer elementor-flip-box__back\">\n\t\t\t<div class=\"elementor-flip-box__layer__overlay\">\n\t\t\t\t<div class=\"elementor-flip-box__layer__inner\">\n\t\t\t\t\t\n\t\t\t\t\t\t\t\t\t\t\t<div class=\"elementor-flip-box__layer__description\">\n\t\t\t\t\t\t\t\u041d\u0430\u0448\u0430 \u043b\u0430\u0431\u043e\u0440\u0430\u0442\u043e\u0440\u0456\u044f \u043f\u0440\u043e\u0432\u043e\u0434\u0438\u0442\u044c \u0444\u0456\u0437\u0438\u043a\u043e-\u0445\u0456\u043c\u0456\u0447\u043d\u0456 \u0434\u043e\u0441\u043b\u0456\u0434\u0436\u0435\u043d\u043d\u044f \u043e\u0442\u0440\u0438\u043c\u0430\u043d\u0438\u0445 \u0432\u0456\u0434\u0445\u043e\u0434\u0456\u0432, \u0430\u043b\u044c\u0442\u0435\u0440\u043d\u0430\u0442\u0438\u0432\u043d\u043e\u0433\u043e \u043f\u0430\u043b\u0438\u0432\u0430 \u0442\u0430 \u0431\u0456\u043e\u043c\u0430\u0441\u0438.\t\t\t\t\t\t<\/div>\n\t\t\t\t\t\n\t\t\t\t\t\t\t\t\t\t\t<a class=\"elementor-flip-box__button elementor-button elementor-size-sm\" href=\"https:\/\/euro-eko.mielec.pl\/new\/uk\/%d0%bb%d0%b0%d0%b1%d0%be%d1%80%d0%b0%d1%82%d0%be%d1%80%d0%bd%d1%96-%d0%bf%d0%be%d1%81%d0%bb%d1%83%d0%b3%d0%b8\/\">\n\t\t\t\t\t\t\t\u0414\u0456\u0437\u043d\u0430\u0439\u0442\u0435\u0441\u044c \u0431\u0456\u043b\u044c\u0448\u0435\t\t\t\t\t\t<\/a>\n\t\t\t\t\t\t\t\t<\/div>\n\t\t<\/div>\n\t\t<\/div>\n\t\t<\/div>\n\t\t\t\t\t\t<\/div>\n\t\t\t\t<\/div>\n\t\t\t\t<div class=\"elementor-element elementor-element-0013e30 elementor-flip-box--direction-right elementor-flip-box--3d elementor-flip-box--effect-flip elementor-widget elementor-widget-flip-box\" data-id=\"0013e30\" data-element_type=\"widget\" data-e-type=\"widget\" data-widget_type=\"flip-box.default\">\n\t\t\t\t<div class=\"elementor-widget-container\">\n\t\t\t\t\t\t\t<div class=\"elementor-flip-box\" tabindex=\"0\">\n\t\t\t<div class=\"elementor-flip-box__layer elementor-flip-box__front\">\n\t\t\t\t<div class=\"elementor-flip-box__layer__overlay\">\n\t\t\t\t\t<div class=\"elementor-flip-box__layer__inner\">\n\t\t\t\t\t\t\t\t\t\t\t\t\t<div class=\"elementor-flip-box__image\">\n\t\t\t\t\t\t\t\t<img decoding=\"async\" width=\"133\" height=\"133\" src=\"https:\/\/euro-eko.mielec.pl\/new\/wp-content\/uploads\/2024\/10\/skladowsisko-odpa.png\" class=\"attachment-thumbnail size-thumbnail wp-image-78\" alt=\"\" \/>\t\t\t\t\t\t\t<\/div>\n\t\t\t\t\t\t\n\t\t\t\t\t\t\t\t\t\t\t\t\t<h3 class=\"elementor-flip-box__layer__title\">\n\t\t\t\t\t\t\t\t\u0421\u043c\u0456\u0442\u0442\u0454\u0437\u0432\u0430\u043b\u0438\u0449\u0435\t\t\t\t\t\t\t<\/h3>\n\t\t\t\t\t\t\n\t\t\t\t\t\t\t\t\t\t\t\t\t<div class=\"elementor-flip-box__layer__description\">\n\t\t\t\t\t\t\t\t\u0414\u0456\u0437\u043d\u0430\u0439\u0442\u0435\u0441\u044c \u0431\u0456\u043b\u044c\u0448\u0435\n\t\t\t\t\t\t\t<\/div>\n\t\t\t\t\t\t\t\t\t\t\t<\/div>\n\t\t\t\t<\/div>\n\t\t\t<\/div>\n\t\t\t<div class=\"elementor-flip-box__layer elementor-flip-box__back\">\n\t\t\t<div class=\"elementor-flip-box__layer__overlay\">\n\t\t\t\t<div class=\"elementor-flip-box__layer__inner\">\n\t\t\t\t\t\n\t\t\t\t\t\t\t\t\t\t\t<div class=\"elementor-flip-box__layer__description\">\n\t\t\t\t\t\t\tEuro-\u0415ko \u043c\u0430\u0454 \u0441\u043c\u0456\u0442\u0442\u0454\u0437\u0432\u0430\u043b\u0438\u0449\u0435 \u0434\u043b\u044f \u043d\u0435\u0431\u0435\u0437\u043f\u0435\u0447\u043d\u0438\u0445 \u0442\u0430 \u0456\u043d\u0435\u0440\u0442\u043d\u0438\u0445 (\u043d\u0435\u0439\u0442\u0440\u0430\u043b\u044c\u043d\u0438\u0445) \u0432\u0456\u0434\u0445\u043e\u0434\u0456\u0432. \u0422\u0430\u043a\u043e\u0436 \u0443 \u043d\u0430\u0441 \u0454 \u043e\u043a\u0440\u0435\u043c\u0456 \u043a\u0430\u043c\u0435\u0440\u0438 \u0434\u043b\u044f \u0437\u0431\u0435\u0440\u0456\u0433\u0430\u043d\u043d\u044f \u043d\u0435\u0431\u0435\u0437\u043f\u0435\u0447\u043d\u0438\u0445 \u0432\u0456\u0434\u0445\u043e\u0434\u0456\u0432.\t\t\t\t\t\t<\/div>\n\t\t\t\t\t\n\t\t\t\t\t\t\t\t\t\t\t<a class=\"elementor-flip-box__button elementor-button elementor-size-sm\" href=\"https:\/\/euro-eko.mielec.pl\/new\/uk\/%d0%b7%d0%b1%d0%b5%d1%80%d1%96%d0%b3%d0%b0%d0%bd%d0%bd%d1%8f-%d0%b2%d1%96%d0%b4%d1%85%d0%be%d0%b4%d1%96%d0%b2\/\">\n\t\t\t\t\t\t\t\u0414\u0456\u0437\u043d\u0430\u0439\u0442\u0435\u0441\u044c \u0431\u0456\u043b\u044c\u0448\u0435\t\t\t\t\t\t<\/a>\n\t\t\t\t\t\t\t\t<\/div>\n\t\t<\/div>\n\t\t<\/div>\n\t\t<\/div>\n\t\t\t\t\t\t<\/div>\n\t\t\t\t<\/div>\n\t\t\t\t<div class=\"elementor-element elementor-element-8172e11 elementor-flip-box--direction-right elementor-flip-box--3d elementor-flip-box--effect-flip elementor-widget elementor-widget-flip-box\" data-id=\"8172e11\" data-element_type=\"widget\" data-e-type=\"widget\" data-widget_type=\"flip-box.default\">\n\t\t\t\t<div class=\"elementor-widget-container\">\n\t\t\t\t\t\t\t<div class=\"elementor-flip-box\" tabindex=\"0\">\n\t\t\t<div class=\"elementor-flip-box__layer elementor-flip-box__front\">\n\t\t\t\t<div class=\"elementor-flip-box__layer__overlay\">\n\t\t\t\t\t<div class=\"elementor-flip-box__layer__inner\">\n\t\t\t\t\t\t\t\t\t\t\t\t\t<div class=\"elementor-flip-box__image\">\n\t\t\t\t\t\t\t\t<img loading=\"lazy\" decoding=\"async\" width=\"133\" height=\"133\" src=\"https:\/\/euro-eko.mielec.pl\/new\/wp-content\/uploads\/2024\/10\/zaklady-produkcyjne.png\" class=\"attachment-thumbnail size-thumbnail wp-image-79\" alt=\"\" \/>\t\t\t\t\t\t\t<\/div>\n\t\t\t\t\t\t\n\t\t\t\t\t\t\t\t\t\t\t\t\t<h3 class=\"elementor-flip-box__layer__title\">\n\t\t\t\t\t\t\t\t\u0412\u0418\u0420\u041e\u0411\u041d\u0418\u0427\u0406 \u041f\u0406\u0414\u041f\u0420\u0418\u0404\u041c\u0421\u0422\u0412\u0410\t\t\t\t\t\t\t<\/h3>\n\t\t\t\t\t\t\n\t\t\t\t\t\t\t\t\t\t\t\t\t<div class=\"elementor-flip-box__layer__description\">\n\t\t\t\t\t\t\t\t\u0414\u0456\u0437\u043d\u0430\u0439\u0442\u0435\u0441\u044c \u0431\u0456\u043b\u044c\u0448\u0435\n\t\t\t\t\t\t\t<\/div>\n\t\t\t\t\t\t\t\t\t\t\t<\/div>\n\t\t\t\t<\/div>\n\t\t\t<\/div>\n\t\t\t<div class=\"elementor-flip-box__layer elementor-flip-box__back\">\n\t\t\t<div class=\"elementor-flip-box__layer__overlay\">\n\t\t\t\t<div class=\"elementor-flip-box__layer__inner\">\n\t\t\t\t\t\n\t\t\t\t\t\t\t\t\t\t\t<div class=\"elementor-flip-box__layer__description\">\n\t\t\t\t\t\t\t\u0423 \u043d\u0430\u0441 \u0454 \u0442\u0440\u0438 \u043d\u043e\u0432\u0456\u0442\u043d\u0456 \u0443\u0441\u0442\u0430\u043d\u043e\u0432\u043a\u0438 \u0434\u043b\u044f \u0432\u0438\u0440\u043e\u0431\u043d\u0438\u0446\u0442\u0432\u0430 \u0430\u043b\u044c\u0442\u0435\u0440\u043d\u0430\u0442\u0438\u0432\u043d\u043e\u0433\u043e \u043f\u0430\u043b\u0438\u0432\u0430 (RDF): \u0443 \u043c.\u041c\u0435\u043b\u0435\u0446\u044c, \u043c.\u041a\u043e\u0437\u043e\u0434\u0436\u0430 \u0442\u0430 \u043c.\u0425\u043e\u043b\u043c.\t\t\t\t\t\t<\/div>\n\t\t\t\t\t\n\t\t\t\t\t\t\t\t\t\t\t<a class=\"elementor-flip-box__button elementor-button elementor-size-sm\" href=\"https:\/\/euro-eko.mielec.pl\/new\/uk\/%d1%81%d1%82%d0%b0%d0%b2%d0%ba%d0%b8\/\">\n\t\t\t\t\t\t\t\u0414\u0456\u0437\u043d\u0430\u0439\u0442\u0435\u0441\u044c \u0431\u0456\u043b\u044c\u0448\u0435\t\t\t\t\t\t<\/a>\n\t\t\t\t\t\t\t\t<\/div>\n\t\t<\/div>\n\t\t<\/div>\n\t\t<\/div>\n\t\t\t\t\t\t<\/div>\n\t\t\t\t<\/div>\n\t\t\t\t<\/div>\n\t\t\t\t\t<\/div>\n\t\t\t\t<\/div>\n\t\t\t\t<\/div>\n\t\t","protected":false},"excerpt":{"rendered":"<p>EURO-EKO SP. Z O.O. \u0410\u041b\u042c\u0422\u0415\u0420\u041d\u0410\u0422\u0418\u0412\u041d\u0415 \u041f\u0410\u041b\u0418\u0412\u041e \u041e\u0441\u043d\u043e\u0432\u043d\u0438\u0439 \u0432\u0438\u0434 \u0434\u0456\u044f\u043b\u044c\u043d\u043e\u0441\u0442\u0456 EURO-EKO Sp. z o.o. \u2013 \u0446\u0435 \u043f\u043e\u0432\u043e\u0434\u0436\u0435\u043d\u043d\u044f \u0437 \u0432\u0456\u0434\u0445\u043e\u0434\u0430\u043c\u0438. \u041a\u043e\u043c\u043f\u0430\u043d\u0456\u044f \u0437\u0430\u0439\u043c\u0430\u0454\u0442\u044c\u0441\u044f \u043f\u0435\u0440\u0435\u0440\u043e\u0431\u043a\u043e\u044e \u0431\u0435\u0437\u043f\u0435\u0447\u043d\u0438\u0445 \u0432\u0456\u0434\u0445\u043e\u0434\u0456\u0432 \u0434\u043b\u044f \u0432\u0438\u0440\u043e\u0431\u043d\u0438\u0446\u0442\u0432\u0430 \u0430\u043b\u044c\u0442\u0435\u0440\u043d\u0430\u0442\u0438\u0432\u043d\u043e\u0433\u043e \u043f\u0430\u043b\u0438\u0432\u0430 \u0437 \u0442\u0435\u0440\u0438\u0442\u043e\u0440\u0456\u0457 \u0447\u043e\u0442\u0438\u0440\u044c\u043e\u0445 \u043e\u0431\u043b\u0430\u0441\u0442\u0435\u0439 \u043a\u0440\u0430\u0457\u043d\u0438. EURO-EKO Sp. z o.o. Posiada trzy zak\u0142ady produkcyjne wyposa\u017cone w nowoczesne linie do przetw\u00f3rstwa odpad\u00f3w: w Che\u0142mie, w Kozodrzy i w Mielcu. To [&hellip;]<\/p>\n","protected":false},"author":1,"featured_media":0,"parent":0,"menu_order":0,"comment_status":"closed","ping_status":"closed","template":"","meta":{"footnotes":""},"class_list":["post-3004","page","type-page","status-publish","hentry"],"_links":{"self":[{"href":"https:\/\/euro-eko.mielec.pl\/new\/wp-json\/wp\/v2\/pages\/3004","targetHints":{"allow":["GET"]}}],"collection":[{"href":"https:\/\/euro-eko.mielec.pl\/new\/wp-json\/wp\/v2\/pages"}],"about":[{"href":"https:\/\/euro-eko.mielec.pl\/new\/wp-json\/wp\/v2\/types\/page"}],"author":[{"embeddable":true,"href":"https:\/\/euro-eko.mielec.pl\/new\/wp-json\/wp\/v2\/users\/1"}],"replies":[{"embeddable":true,"href":"https:\/\/euro-eko.mielec.pl\/new\/wp-json\/wp\/v2\/comments?post=3004"}],"version-history":[{"count":10,"href":"https:\/\/euro-eko.mielec.pl\/new\/wp-json\/wp\/v2\/pages\/3004\/revisions"}],"predecessor-version":[{"id":3103,"href":"https:\/\/euro-eko.mielec.pl\/new\/wp-json\/wp\/v2\/pages\/3004\/revisions\/3103"}],"wp:attachment":[{"href":"https:\/\/euro-eko.mielec.pl\/new\/wp-json\/wp\/v2\/media?parent=3004"}],"curies":[{"name":"wp","href":"https:\/\/api.w.org\/{rel}","templated":true}]}}