{"id":2924,"date":"2025-01-16T14:18:10","date_gmt":"2025-01-16T14:18:10","guid":{"rendered":"https:\/\/euro-eko.mielec.pl\/new\/?page_id=2924"},"modified":"2025-01-16T14:18:36","modified_gmt":"2025-01-16T14:18:36","slug":"career","status":"publish","type":"page","link":"https:\/\/euro-eko.mielec.pl\/new\/en\/career\/","title":{"rendered":"Career"},"content":{"rendered":"\t\t<div data-elementor-type=\"wp-page\" data-elementor-id=\"2924\" class=\"elementor elementor-2924\" data-elementor-post-type=\"page\">\n\t\t\t\t<div class=\"elementor-element elementor-element-844043f e-flex e-con-boxed e-con e-parent\" data-id=\"844043f\" data-element_type=\"container\" data-e-type=\"container\" data-settings=\"{&quot;background_background&quot;:&quot;classic&quot;}\">\n\t\t\t\t\t<div class=\"e-con-inner\">\n\t\t\t\t<div class=\"elementor-element elementor-element-f562605 animated-fast elementor-invisible elementor-widget elementor-widget-heading\" data-id=\"f562605\" data-element_type=\"widget\" data-e-type=\"widget\" data-settings=\"{&quot;_animation&quot;:&quot;fadeInUp&quot;,&quot;_animation_delay&quot;:150}\" data-widget_type=\"heading.default\">\n\t\t\t\t<div class=\"elementor-widget-container\">\n\t\t\t\t\t<h2 class=\"elementor-heading-title elementor-size-default\">EURO-EKO SP. Z O.O.<\/h2>\t\t\t\t<\/div>\n\t\t\t\t<\/div>\n\t\t\t\t<div class=\"elementor-element elementor-element-17228cc header_2 animated-fast elementor-invisible elementor-widget elementor-widget-heading\" data-id=\"17228cc\" data-element_type=\"widget\" data-e-type=\"widget\" data-settings=\"{&quot;_animation&quot;:&quot;fadeInUp&quot;}\" data-widget_type=\"heading.default\">\n\t\t\t\t<div class=\"elementor-widget-container\">\n\t\t\t\t\t<h1 class=\"elementor-heading-title elementor-size-default\">Career\n<\/h1>\t\t\t\t<\/div>\n\t\t\t\t<\/div>\n\t\t\t\t<div class=\"elementor-element elementor-element-6378130 animated-fast elementor-widget-divider--view-line elementor-invisible elementor-widget elementor-widget-divider\" data-id=\"6378130\" data-element_type=\"widget\" data-e-type=\"widget\" data-settings=\"{&quot;_animation&quot;:&quot;fadeInUp&quot;}\" data-widget_type=\"divider.default\">\n\t\t\t\t<div class=\"elementor-widget-container\">\n\t\t\t\t\t\t\t<div class=\"elementor-divider\">\n\t\t\t<span class=\"elementor-divider-separator\">\n\t\t\t\t\t\t<\/span>\n\t\t<\/div>\n\t\t\t\t\t\t<\/div>\n\t\t\t\t<\/div>\n\t\t\t\t\t<\/div>\n\t\t\t\t<\/div>\n\t\t<div class=\"elementor-element elementor-element-09bd402 e-flex e-con-boxed e-con e-parent\" data-id=\"09bd402\" data-element_type=\"container\" data-e-type=\"container\" data-settings=\"{&quot;background_background&quot;:&quot;classic&quot;}\">\n\t\t\t\t\t<div class=\"e-con-inner\">\n\t\t\t\t<div class=\"elementor-element elementor-element-84efae6 elementor-grid-3 elementor-grid-tablet-2 elementor-grid-mobile-1 elementor-widget elementor-widget-loop-grid\" data-id=\"84efae6\" data-element_type=\"widget\" data-e-type=\"widget\" data-settings=\"{&quot;template_id&quot;:&quot;2521&quot;,&quot;_skin&quot;:&quot;post&quot;,&quot;columns&quot;:&quot;3&quot;,&quot;columns_tablet&quot;:&quot;2&quot;,&quot;columns_mobile&quot;:&quot;1&quot;,&quot;edit_handle_selector&quot;:&quot;[data-elementor-type=\\&quot;loop-item\\&quot;]&quot;,&quot;row_gap&quot;:{&quot;unit&quot;:&quot;px&quot;,&quot;size&quot;:&quot;&quot;,&quot;sizes&quot;:[]},&quot;row_gap_tablet&quot;:{&quot;unit&quot;:&quot;px&quot;,&quot;size&quot;:&quot;&quot;,&quot;sizes&quot;:[]},&quot;row_gap_mobile&quot;:{&quot;unit&quot;:&quot;px&quot;,&quot;size&quot;:&quot;&quot;,&quot;sizes&quot;:[]}}\" data-widget_type=\"loop-grid.post\">\n\t\t\t\t<div class=\"elementor-widget-container\">\n\t\t\t\t\t\t\t<div class=\"elementor-loop-container elementor-grid\" role=\"list\">\n\t\t<style id=\"loop-2521\">.elementor-2521 .elementor-element.elementor-element-7392c47{--display:flex;--border-radius:8px 8px 8px 8px;box-shadow:0px 0px 20px 0px rgba(0, 0, 0, 0.1);--padding-top:48px;--padding-bottom:48px;--padding-left:24px;--padding-right:24px;}.elementor-2521 .elementor-element.elementor-element-7392c47:not(.elementor-motion-effects-element-type-background), .elementor-2521 .elementor-element.elementor-element-7392c47 > .elementor-motion-effects-container > .elementor-motion-effects-layer{background-color:var( --e-global-color-3efc7dd );}.elementor-2521 .elementor-element.elementor-element-7392c47:hover{box-shadow:0px 0px 30px 0px rgba(0, 0, 0, 0.2);}.elementor-widget-icon.elementor-view-stacked .elementor-icon{background-color:var( --e-global-color-primary );}.elementor-widget-icon.elementor-view-framed .elementor-icon, .elementor-widget-icon.elementor-view-default .elementor-icon{color:var( --e-global-color-primary );border-color:var( --e-global-color-primary );}.elementor-widget-icon.elementor-view-framed .elementor-icon, .elementor-widget-icon.elementor-view-default .elementor-icon svg{fill:var( --e-global-color-primary );}.elementor-2521 .elementor-element.elementor-element-80fb587 .elementor-icon-wrapper{text-align:start;}.elementor-2521 .elementor-element.elementor-element-80fb587.elementor-view-stacked .elementor-icon{background-color:var( --e-global-color-text );}.elementor-2521 .elementor-element.elementor-element-80fb587.elementor-view-framed .elementor-icon, .elementor-2521 .elementor-element.elementor-element-80fb587.elementor-view-default .elementor-icon{color:var( --e-global-color-text );border-color:var( --e-global-color-text );}.elementor-2521 .elementor-element.elementor-element-80fb587.elementor-view-framed .elementor-icon, .elementor-2521 .elementor-element.elementor-element-80fb587.elementor-view-default .elementor-icon svg{fill:var( --e-global-color-text );}.elementor-widget-heading .elementor-heading-title{font-family:var( --e-global-typography-primary-font-family ), Sans-serif;font-weight:var( --e-global-typography-primary-font-weight );letter-spacing:var( --e-global-typography-primary-letter-spacing );color:var( --e-global-color-primary );}.elementor-2521 .elementor-element.elementor-element-59c2cea .elementor-heading-title{font-family:\"Raleway\", Sans-serif;font-size:24px;font-weight:600;line-height:32px;letter-spacing:0.5px;color:var( --e-global-color-text );}.elementor-2521 .elementor-element.elementor-element-59c2cea.elementor-element{--flex-grow:1;--flex-shrink:0;}.elementor-widget-divider{--divider-color:var( --e-global-color-secondary );}.elementor-widget-divider .elementor-divider__text{color:var( --e-global-color-secondary );font-family:var( --e-global-typography-secondary-font-family ), Sans-serif;font-weight:var( --e-global-typography-secondary-font-weight );letter-spacing:var( --e-global-typography-secondary-letter-spacing );}.elementor-widget-divider.elementor-view-stacked .elementor-icon{background-color:var( --e-global-color-secondary );}.elementor-widget-divider.elementor-view-framed .elementor-icon, .elementor-widget-divider.elementor-view-default .elementor-icon{color:var( --e-global-color-secondary );border-color:var( --e-global-color-secondary );}.elementor-widget-divider.elementor-view-framed .elementor-icon, .elementor-widget-divider.elementor-view-default .elementor-icon svg{fill:var( --e-global-color-secondary );}.elementor-2521 .elementor-element.elementor-element-c9561dc{--divider-border-style:solid;--divider-color:var( --e-global-color-primary );--divider-border-width:2px;}.elementor-2521 .elementor-element.elementor-element-c9561dc .elementor-divider-separator{width:45%;}.elementor-2521 .elementor-element.elementor-element-c9561dc .elementor-divider{padding-block-start:0px;padding-block-end:0px;}.elementor-2521 .elementor-element.elementor-element-c9561dc > .elementor-widget-container{margin:0em 0em 0em 0em;}.elementor-widget-button .elementor-button{font-family:var( --e-global-typography-accent-font-family ), Sans-serif;font-weight:var( --e-global-typography-accent-font-weight );letter-spacing:var( --e-global-typography-accent-letter-spacing );background-color:var( --e-global-color-accent );}.elementor-2521 .elementor-element.elementor-element-fa94753 .elementor-button-content-wrapper{flex-direction:row-reverse;}.elementor-2521 .elementor-element.elementor-element-fa94753 .elementor-button .elementor-button-content-wrapper{gap:12px;}.elementor-2521 .elementor-element.elementor-element-fa94753 .elementor-button{font-family:\"Montserrat\", Sans-serif;font-weight:500;text-transform:uppercase;letter-spacing:0.5px;fill:var( --e-global-color-3efc7dd );color:var( --e-global-color-3efc7dd );background-color:var( --e-global-color-accent );border-radius:8px 8px 8px 8px;padding:16px 24px 16px 36px;}.elementor-2521 .elementor-element.elementor-element-fa94753 .elementor-button:hover, .elementor-2521 .elementor-element.elementor-element-fa94753 .elementor-button:focus{color:var( --e-global-color-text );background-color:var( --e-global-color-primary );}.elementor-2521 .elementor-element.elementor-element-fa94753 .elementor-button:hover svg, .elementor-2521 .elementor-element.elementor-element-fa94753 .elementor-button:focus svg{fill:var( --e-global-color-text );}.elementor-2521 .elementor-element.elementor-element-fa94753.elementor-element{--align-self:flex-start;}@media(max-width:1024px){.elementor-widget-heading .elementor-heading-title{letter-spacing:var( --e-global-typography-primary-letter-spacing );}.elementor-widget-divider .elementor-divider__text{letter-spacing:var( --e-global-typography-secondary-letter-spacing );}.elementor-widget-button .elementor-button{letter-spacing:var( --e-global-typography-accent-letter-spacing );}}@media(max-width:767px){.elementor-widget-heading .elementor-heading-title{letter-spacing:var( --e-global-typography-primary-letter-spacing );}.elementor-2521 .elementor-element.elementor-element-59c2cea .elementor-heading-title{font-size:18px;line-height:26px;}.elementor-widget-divider .elementor-divider__text{letter-spacing:var( --e-global-typography-secondary-letter-spacing );}.elementor-2521 .elementor-element.elementor-element-c9561dc .elementor-divider-separator{width:30%;}.elementor-2521 .elementor-element.elementor-element-c9561dc > .elementor-widget-container{margin:0em 0em 0em 0em;}.elementor-widget-button .elementor-button{letter-spacing:var( --e-global-typography-accent-letter-spacing );}}\/* Start custom CSS for button, class: .elementor-element-fa94753 *\/.elementor-2521 .elementor-element.elementor-element-fa94753 svg {\r\n    transition: 0.3s;\r\n    position: absolute;\r\n    right: 50px;\r\n    opacity: 0\r\n}\r\n\r\n.elementor-2521 .elementor-element.elementor-element-fa94753:hover svg {\r\n    transform: translateX(35%);\r\n    position: absolute;\r\n    right: 20px;\r\n    opacity: 1;\r\n}\/* End custom CSS *\/\n\/* Start custom CSS for container, class: .elementor-element-7392c47 *\/.hoverbox {\n    transition: 0.3s;\n}\n\n\n.hoverbox:hover svg {\n    transform: rotate(-45deg);\ntransition: 0.3s;\n}\n\n.hoverbox:hover .hoverheader {\n    transform: scale(1.05);\n    transition: 0.3s;\n}\n\n.hoverbox:hover .hoverimg {\n    transform: scale(1.05);\n    transition: 0.3s;\n}\/* End custom CSS *\/<\/style>\t\t<div data-elementor-type=\"loop-item\" data-elementor-id=\"2521\" class=\"elementor elementor-2521 e-loop-item e-loop-item-2511 post-2511 post type-post status-publish format-standard hentry category-praca\" data-elementor-post-type=\"elementor_library\" data-custom-edit-handle=\"1\">\n\t\t\t<div class=\"elementor-element elementor-element-7392c47 e-con-full e-flex e-con e-child\" data-id=\"7392c47\" data-element_type=\"container\" data-e-type=\"container\" data-settings=\"{&quot;background_background&quot;:&quot;classic&quot;}\">\n\t\t\t\t<div class=\"elementor-element elementor-element-80fb587 elementor-view-default elementor-widget elementor-widget-icon\" data-id=\"80fb587\" data-element_type=\"widget\" data-e-type=\"widget\" data-widget_type=\"icon.default\">\n\t\t\t\t<div class=\"elementor-widget-container\">\n\t\t\t\t\t\t\t<div class=\"elementor-icon-wrapper\">\n\t\t\t<div class=\"elementor-icon\">\n\t\t\t<svg aria-hidden=\"true\" class=\"e-font-icon-svg e-fas-file-pdf\" viewBox=\"0 0 384 512\" xmlns=\"http:\/\/www.w3.org\/2000\/svg\"><path d=\"M181.9 256.1c-5-16-4.9-46.9-2-46.9 8.4 0 7.6 36.9 2 46.9zm-1.7 47.2c-7.7 20.2-17.3 43.3-28.4 62.7 18.3-7 39-17.2 62.9-21.9-12.7-9.6-24.9-23.4-34.5-40.8zM86.1 428.1c0 .8 13.2-5.4 34.9-40.2-6.7 6.3-29.1 24.5-34.9 40.2zM248 160h136v328c0 13.3-10.7 24-24 24H24c-13.3 0-24-10.7-24-24V24C0 10.7 10.7 0 24 0h200v136c0 13.2 10.8 24 24 24zm-8 171.8c-20-12.2-33.3-29-42.7-53.8 4.5-18.5 11.6-46.6 6.2-64.2-4.7-29.4-42.4-26.5-47.8-6.8-5 18.3-.4 44.1 8.1 77-11.6 27.6-28.7 64.6-40.8 85.8-.1 0-.1.1-.2.1-27.1 13.9-73.6 44.5-54.5 68 5.6 6.9 16 10 21.5 10 17.9 0 35.7-18 61.1-61.8 25.8-8.5 54.1-19.1 79-23.2 21.7 11.8 47.1 19.5 64 19.5 29.2 0 31.2-32 19.7-43.4-13.9-13.6-54.3-9.7-73.6-7.2zM377 105L279 7c-4.5-4.5-10.6-7-17-7h-6v128h128v-6.1c0-6.3-2.5-12.4-7-16.9zm-74.1 255.3c4.1-2.7-2.5-11.9-42.8-9 37.1 15.8 42.8 9 42.8 9z\"><\/path><\/svg>\t\t\t<\/div>\n\t\t<\/div>\n\t\t\t\t\t\t<\/div>\n\t\t\t\t<\/div>\n\t\t\t\t<div class=\"elementor-element elementor-element-59c2cea animated-fast elementor-widget elementor-widget-heading\" data-id=\"59c2cea\" data-element_type=\"widget\" data-e-type=\"widget\" data-settings=\"{&quot;_animation&quot;:&quot;none&quot;,&quot;_animation_delay&quot;:150}\" data-widget_type=\"heading.default\">\n\t\t\t\t<div class=\"elementor-widget-container\">\n\t\t\t\t\t<h2 class=\"elementor-heading-title elementor-size-default\"><a href=\"https:\/\/euro-eko.mielec.pl\/new\/wp-content\/uploads\/2025\/06\/Operator-urzadzen-rozdrabniajacych_ogloszenie-o-prace.pdf\" target=\"_blank\">Operator urz\u0105dze\u0144 rozdrabniaj\u0105cych<\/a><\/h2>\t\t\t\t<\/div>\n\t\t\t\t<\/div>\n\t\t\t\t<div class=\"elementor-element elementor-element-c9561dc animated-fast elementor-widget-divider--view-line elementor-widget elementor-widget-divider\" data-id=\"c9561dc\" data-element_type=\"widget\" data-e-type=\"widget\" data-settings=\"{&quot;_animation&quot;:&quot;none&quot;}\" data-widget_type=\"divider.default\">\n\t\t\t\t<div class=\"elementor-widget-container\">\n\t\t\t\t\t\t\t<div class=\"elementor-divider\">\n\t\t\t<span class=\"elementor-divider-separator\">\n\t\t\t\t\t\t<\/span>\n\t\t<\/div>\n\t\t\t\t\t\t<\/div>\n\t\t\t\t<\/div>\n\t\t\t\t<div class=\"elementor-element elementor-element-fa94753 elementor-widget elementor-widget-button\" data-id=\"fa94753\" data-element_type=\"widget\" data-e-type=\"widget\" data-widget_type=\"button.default\">\n\t\t\t\t<div class=\"elementor-widget-container\">\n\t\t\t\t\t\t\t\t\t<div class=\"elementor-button-wrapper\">\n\t\t\t\t\t<a class=\"elementor-button elementor-button-link elementor-size-sm\" href=\"https:\/\/euro-eko.mielec.pl\/new\/wp-content\/uploads\/2025\/06\/Operator-urzadzen-rozdrabniajacych_ogloszenie-o-prace.pdf\" target=\"_blank\">\n\t\t\t\t\t\t<span class=\"elementor-button-content-wrapper\">\n\t\t\t\t\t\t<span class=\"elementor-button-icon\">\n\t\t\t\t<svg aria-hidden=\"true\" class=\"e-font-icon-svg e-fas-long-arrow-alt-right\" viewBox=\"0 0 448 512\" xmlns=\"http:\/\/www.w3.org\/2000\/svg\"><path d=\"M313.941 216H12c-6.627 0-12 5.373-12 12v56c0 6.627 5.373 12 12 12h301.941v46.059c0 21.382 25.851 32.09 40.971 16.971l86.059-86.059c9.373-9.373 9.373-24.569 0-33.941l-86.059-86.059c-15.119-15.119-40.971-4.411-40.971 16.971V216z\"><\/path><\/svg>\t\t\t<\/span>\n\t\t\t\t\t\t\t\t\t<span class=\"elementor-button-text\">Aplikuj<\/span>\n\t\t\t\t\t<\/span>\n\t\t\t\t\t<\/a>\n\t\t\t\t<\/div>\n\t\t\t\t\t\t\t\t<\/div>\n\t\t\t\t<\/div>\n\t\t\t\t<\/div>\n\t\t\t\t<\/div>\n\t\t\t\t<\/div>\n\t\t\n\t\t\t\t\t\t<\/div>\n\t\t\t\t<\/div>\n\t\t\t\t\t<\/div>\n\t\t\t\t<\/div>\n\t\t\t\t<\/div>\n\t\t","protected":false},"excerpt":{"rendered":"<p>EURO-EKO SP. Z O.O. Career<\/p>\n","protected":false},"author":1,"featured_media":0,"parent":0,"menu_order":0,"comment_status":"closed","ping_status":"closed","template":"","meta":{"footnotes":""},"class_list":["post-2924","page","type-page","status-publish","hentry"],"_links":{"self":[{"href":"https:\/\/euro-eko.mielec.pl\/new\/wp-json\/wp\/v2\/pages\/2924","targetHints":{"allow":["GET"]}}],"collection":[{"href":"https:\/\/euro-eko.mielec.pl\/new\/wp-json\/wp\/v2\/pages"}],"about":[{"href":"https:\/\/euro-eko.mielec.pl\/new\/wp-json\/wp\/v2\/types\/page"}],"author":[{"embeddable":true,"href":"https:\/\/euro-eko.mielec.pl\/new\/wp-json\/wp\/v2\/users\/1"}],"replies":[{"embeddable":true,"href":"https:\/\/euro-eko.mielec.pl\/new\/wp-json\/wp\/v2\/comments?post=2924"}],"version-history":[{"count":4,"href":"https:\/\/euro-eko.mielec.pl\/new\/wp-json\/wp\/v2\/pages\/2924\/revisions"}],"predecessor-version":[{"id":2931,"href":"https:\/\/euro-eko.mielec.pl\/new\/wp-json\/wp\/v2\/pages\/2924\/revisions\/2931"}],"wp:attachment":[{"href":"https:\/\/euro-eko.mielec.pl\/new\/wp-json\/wp\/v2\/media?parent=2924"}],"curies":[{"name":"wp","href":"https:\/\/api.w.org\/{rel}","templated":true}]}}