{"id":2887,"date":"2025-01-16T11:33:51","date_gmt":"2025-01-16T11:33:51","guid":{"rendered":"https:\/\/euro-eko.mielec.pl\/new\/?page_id=2887"},"modified":"2025-02-04T13:21:05","modified_gmt":"2025-02-04T13:21:05","slug":"waste-storage","status":"publish","type":"page","link":"https:\/\/euro-eko.mielec.pl\/new\/en\/waste-storage\/","title":{"rendered":"WASTE STORAGE"},"content":{"rendered":"\t\t<div data-elementor-type=\"wp-page\" data-elementor-id=\"2887\" class=\"elementor elementor-2887\" data-elementor-post-type=\"page\">\n\t\t\t\t<div class=\"elementor-element elementor-element-4efac0e e-flex e-con-boxed e-con e-parent\" data-id=\"4efac0e\" data-element_type=\"container\" data-e-type=\"container\" data-settings=\"{&quot;background_background&quot;:&quot;classic&quot;}\">\n\t\t\t\t\t<div class=\"e-con-inner\">\n\t\t\t\t<div class=\"elementor-element elementor-element-96880d4 animated-fast elementor-invisible elementor-widget elementor-widget-heading\" data-id=\"96880d4\" data-element_type=\"widget\" data-e-type=\"widget\" data-settings=\"{&quot;_animation&quot;:&quot;fadeInUp&quot;,&quot;_animation_delay&quot;:150}\" data-widget_type=\"heading.default\">\n\t\t\t\t<div class=\"elementor-widget-container\">\n\t\t\t\t\t<h2 class=\"elementor-heading-title elementor-size-default\">EURO-EKO SP. Z O.O.<\/h2>\t\t\t\t<\/div>\n\t\t\t\t<\/div>\n\t\t\t\t<div class=\"elementor-element elementor-element-2ddf53e header_2 animated-fast elementor-invisible elementor-widget elementor-widget-heading\" data-id=\"2ddf53e\" data-element_type=\"widget\" data-e-type=\"widget\" data-settings=\"{&quot;_animation&quot;:&quot;fadeInUp&quot;}\" data-widget_type=\"heading.default\">\n\t\t\t\t<div class=\"elementor-widget-container\">\n\t\t\t\t\t<h1 class=\"elementor-heading-title elementor-size-default\">WASTE STORAGE\n<\/h1>\t\t\t\t<\/div>\n\t\t\t\t<\/div>\n\t\t\t\t<div class=\"elementor-element elementor-element-b4f0a81 animated-fast elementor-widget-divider--view-line elementor-invisible elementor-widget elementor-widget-divider\" data-id=\"b4f0a81\" data-element_type=\"widget\" data-e-type=\"widget\" data-settings=\"{&quot;_animation&quot;:&quot;fadeInUp&quot;}\" data-widget_type=\"divider.default\">\n\t\t\t\t<div class=\"elementor-widget-container\">\n\t\t\t\t\t\t\t<div class=\"elementor-divider\">\n\t\t\t<span class=\"elementor-divider-separator\">\n\t\t\t\t\t\t<\/span>\n\t\t<\/div>\n\t\t\t\t\t\t<\/div>\n\t\t\t\t<\/div>\n\t\t\t\t\t<\/div>\n\t\t\t\t<\/div>\n\t\t<div class=\"elementor-element elementor-element-9d51cfd e-flex e-con-boxed e-con e-parent\" data-id=\"9d51cfd\" data-element_type=\"container\" data-e-type=\"container\" data-settings=\"{&quot;background_background&quot;:&quot;classic&quot;}\">\n\t\t\t\t\t<div class=\"e-con-inner\">\n\t\t<div class=\"elementor-element elementor-element-03e554b e-con-full animated-fast e-flex elementor-invisible e-con e-child\" data-id=\"03e554b\" data-element_type=\"container\" data-e-type=\"container\" data-settings=\"{&quot;background_background&quot;:&quot;classic&quot;,&quot;animation&quot;:&quot;fadeIn&quot;}\">\n\t\t\t\t<div class=\"elementor-element elementor-element-6f665be animated-fast elementor-invisible elementor-widget elementor-widget-image\" data-id=\"6f665be\" data-element_type=\"widget\" data-e-type=\"widget\" data-settings=\"{&quot;_animation&quot;:&quot;fadeInUp&quot;}\" data-widget_type=\"image.default\">\n\t\t\t\t<div class=\"elementor-widget-container\">\n\t\t\t\t\t\t\t\t\t\t\t\t\t\t\t<img decoding=\"async\" width=\"187\" height=\"97\" src=\"https:\/\/euro-eko.mielec.pl\/new\/wp-content\/uploads\/2024\/10\/cudzyslow-3.png\" class=\"attachment-full size-full wp-image-57\" alt=\"\" \/>\t\t\t\t\t\t\t\t\t\t\t\t\t\t\t<\/div>\n\t\t\t\t<\/div>\n\t\t\t\t<div class=\"elementor-element elementor-element-83b7a1d animated-fast elementor-invisible elementor-widget elementor-widget-text-editor\" data-id=\"83b7a1d\" data-element_type=\"widget\" data-e-type=\"widget\" data-settings=\"{&quot;_animation&quot;:&quot;fadeInUp&quot;}\" data-widget_type=\"text-editor.default\">\n\t\t\t\t<div class=\"elementor-widget-container\">\n\t\t\t\t\t\t\t\t\t<p>Euro-Eko has a landfill for non-hazardous and inert waste. We also have separate chambers for hazardous waste storage.<\/p><p>The landfill is located in our plant in Mielec within the Special Economic Zone.<br \/>Below are the waste codes that can be stored with us.<\/p><table id=\"tablepress-3\" class=\"tablepress tablepress-id-3\"><tbody class=\"row-hover\"><tr class=\"row-2 even\"><td class=\"column-1\" colspan=\"2\">SK\u0141ADOWISKO ODPAD\u00d3W INNYCH NI\u017b NIEBEZPIECZNE I OBOJETNE Z WYDZIELONYMI KOMORAMI NA SK\u0141ADOWANIE ODPAD\u00d3W NIEBEZPIECZNYCH<\/td><\/tr><tr class=\"row-3 odd\"><td class=\"column-1\" colspan=\"2\">Odpady inne ni\u017c niebezpieczne i oboj\u0119tne<\/td><\/tr><tr class=\"row-4 even\"><td class=\"column-1\">\u00a0<\/td><td class=\"column-2\">\u00a0<\/td><\/tr><tr class=\"row-5 odd\"><td class=\"column-1\">08 01 12<\/td><td class=\"column-2\">Odpady farb i lakier\u00f3w inne ni\u017c wymienione w 08 01 11<\/td><\/tr><tr class=\"row-6 even\"><td class=\"column-1\">08 01 14<\/td><td class=\"column-2\">Szlamy z usuwania farb i lakier\u00f3w inne ni\u017c wymienione<br \/>w 08 01 13<\/td><\/tr><tr class=\"row-7 odd\"><td class=\"column-1\">08 01 16<\/td><td class=\"column-2\">Szlamy wodne zawieraj\u0105ce farby i lakiery inne ni\u017c wymienione w 08 01 15<\/td><\/tr><tr class=\"row-8 even\"><td class=\"column-1\">08 02 01<\/td><td class=\"column-2\">Odpady proszk\u00f3w powlekaj\u0105cych<\/td><\/tr><tr class=\"row-9 odd\"><td class=\"column-1\">08 04 10<\/td><td class=\"column-2\">Odpadowe kleje i szczeliwa inne ni\u017c wymienione<br \/>w 08 04 09<\/td><\/tr><tr class=\"row-10 even\"><td class=\"column-1\">19 01 12<\/td><td class=\"column-2\">\u017bu\u017cle i popio\u0142y paleniskowe inne ni\u017c wymienione w 19 01 11<\/td><\/tr><tr class=\"row-11 odd\"><td class=\"column-1\">19 01 18<\/td><td class=\"column-2\">Odpady z pirolizy odpad\u00f3w inne ni\u017c wymienione w 19 01 17<\/td><\/tr><tr class=\"row-12 even\"><td class=\"column-1\">19 01 19<\/td><td class=\"column-2\">Piaski ze z\u0142\u00f3\u017c fluidalnych<\/td><\/tr><tr class=\"row-13 odd\"><td class=\"column-1\">19 02 03<\/td><td class=\"column-2\">Wst\u0119pnie przemieszane odpady sk\u0142adaj\u0105ce si\u0119 wy\u0142\u0105cznie z odpad\u00f3w innych ni\u017c niebezpieczne<\/td><\/tr><tr class=\"row-14 even\"><td class=\"column-1\">19 02 06<\/td><td class=\"column-2\">Szlamy z fizykochemicznej przer\u00f3bki odpad\u00f3w inne ni\u017c wymienione w 19 02 05<\/td><\/tr><tr class=\"row-15 odd\"><td class=\"column-1\">19 03 05<\/td><td class=\"column-2\">Odpady stabilizowane inne ni\u017c wymienione w 19 03 04<\/td><\/tr><tr class=\"row-16 even\"><td class=\"column-1\">19 03 07<\/td><td class=\"column-2\">Odpady zestalone inne ni\u017c wymienione w 19 03 06<\/td><\/tr><tr class=\"row-17 odd\"><td class=\"column-1\">19 04 01<\/td><td class=\"column-2\">Zeszklone odpady<\/td><\/tr><tr class=\"row-18 even\"><td class=\"column-1\">19 08 12<\/td><td class=\"column-2\">Szlamy z biologicznego oczyszczania \u015bciek\u00f3w przemys\u0142owych inne ni\u017c wymienione w 19 08 11<\/td><\/tr><tr class=\"row-19 odd\"><td class=\"column-1\">19 08 14<\/td><td class=\"column-2\">Szlamy z innego ni\u017c biologiczne oczyszczania \u015bciek\u00f3w przemys\u0142owych inne ni\u017c wymienione w 19 08 13<\/td><\/tr><tr class=\"row-20 even\"><td class=\"column-1\">19 09 02<\/td><td class=\"column-2\">Osady z klarowania wody<\/td><\/tr><tr class=\"row-21 odd\"><td class=\"column-1\">19 09 03<\/td><td class=\"column-2\">Osady z dekarbonizacji wody<\/td><\/tr><tr class=\"row-22 even\"><td class=\"column-1\">19 09 04<\/td><td class=\"column-2\">Zu\u017cyty w\u0119giel aktywny<\/td><\/tr><tr class=\"row-23 odd\"><td class=\"column-1\">19 09 05<\/td><td class=\"column-2\">Nasycone lub zu\u017cyte \u017cywice jonowymienne<\/td><\/tr><tr class=\"row-24 even\"><td class=\"column-1\">19 09 99<\/td><td class=\"column-2\">Inne niewymienione odpady<\/td><\/tr><tr class=\"row-25 odd\"><td class=\"column-1\">19 12 12<\/td><td class=\"column-2\">Inne odpady (w tym zmieszane substancje i przedmioty)<br \/>z mechanicznej obr\u00f3bki odpad\u00f3w inne ni\u017c wymienione w 19 12 11<\/td><\/tr><tr class=\"row-26 even\"><td class=\"column-1\">19 13 02<\/td><td class=\"column-2\">Odpady sta\u0142e z oczyszczania gleby i ziemi inne ni\u017c wymienione w 19 13 01<\/td><\/tr><tr class=\"row-27 odd\"><td class=\"column-1\">19 13 04<\/td><td class=\"column-2\">Szlamy z oczyszczania gleby i ziemi inne ni\u017c wymienione<br \/>w 19 13 03<\/td><\/tr><tr class=\"row-28 even\"><td class=\"column-1\">19 13 06<\/td><td class=\"column-2\">Szlamy z oczyszczania w\u00f3d podziemnych inne ni\u017c wymienione w 19 13 05<\/td><\/tr><tr class=\"row-29 odd\"><td class=\"column-1\">\u00a0<\/td><td class=\"column-2\">\u00a0<\/td><\/tr><tr class=\"row-30 even\"><td class=\"column-1\" colspan=\"2\">Odpady niebezpieczne<\/td><\/tr><tr class=\"row-31 odd\"><td class=\"column-1\">\u00a0<\/td><td class=\"column-2\">\u00a0<\/td><\/tr><tr class=\"row-32 even\"><td class=\"column-1\">06 05 02*<\/td><td class=\"column-2\">Osady z zak\u0142adowych oczyszczalni \u015bciek\u00f3w zawieraj\u0105ce substancje niebezpieczne<\/td><\/tr><tr class=\"row-33 odd\"><td class=\"column-1\">07 01 11*<\/td><td class=\"column-2\">Osady z zak\u0142adowych oczyszczalni \u015bciek\u00f3w zawieraj\u0105ce substancje niebezpieczne<\/td><\/tr><tr class=\"row-34 even\"><td class=\"column-1\">07 02 11*<\/td><td class=\"column-2\">Osady z zak\u0142adowych oczyszczalni \u015bciek\u00f3w zawieraj\u0105ce substancje niebezpieczne<\/td><\/tr><tr class=\"row-35 odd\"><td class=\"column-1\">07 03 11*<\/td><td class=\"column-2\">Osady z zak\u0142adowych oczyszczalni \u015bciek\u00f3w zawieraj\u0105ce substancje niebezpieczne<\/td><\/tr><tr class=\"row-36 even\"><td class=\"column-1\">07 04 11*<\/td><td class=\"column-2\">Osady z zak\u0142adowych oczyszczalni \u015bciek\u00f3w zawieraj\u0105ce substancje niebezpieczne<\/td><\/tr><tr class=\"row-37 odd\"><td class=\"column-1\">07 05 11*<\/td><td class=\"column-2\">Osady z zak\u0142adowych oczyszczalni \u015bciek\u00f3w zawieraj\u0105ce substancje niebezpieczne<\/td><\/tr><tr class=\"row-38 even\"><td class=\"column-1\">07 06 11*<\/td><td class=\"column-2\">Osady z zak\u0142adowych oczyszczalni \u015bciek\u00f3w zawieraj\u0105ce substancje niebezpieczne<\/td><\/tr><tr class=\"row-39 odd\"><td class=\"column-1\">07 07 11*<\/td><td class=\"column-2\">Osady z zak\u0142adowych oczyszczalni \u015bciek\u00f3w zawieraj\u0105ce substancje niebezpieczne<\/td><\/tr><tr class=\"row-40 even\"><td class=\"column-1\">10 01 20*<\/td><td class=\"column-2\">Osady z zak\u0142adowych oczyszczalni \u015bciek\u00f3w zawieraj\u0105ce substancje niebezpieczne<\/td><\/tr><tr class=\"row-41 odd\"><td class=\"column-1\">10 11 19*<\/td><td class=\"column-2\">Odpady sta\u0142e z zak\u0142adowych oczyszczalni \u015bciek\u00f3w zawieraj\u0105ce substancje niebezpieczne<\/td><\/tr><tr class=\"row-42 even\"><td class=\"column-1\">11 01 08*<\/td><td class=\"column-2\">Osady i szlamy z fosforanowania<\/td><\/tr><tr class=\"row-43 odd\"><td class=\"column-1\">11 01 09*<\/td><td class=\"column-2\">Szlamy i osady pofiltracyjne zawieraj\u0105ce substancje niebezpieczne<\/td><\/tr><tr class=\"row-44 even\"><td class=\"column-1\">11 01 13*<\/td><td class=\"column-2\">Odpady z odt\u0142uszczania zawieraj\u0105ce substancje niebezpieczne<\/td><\/tr><tr class=\"row-45 odd\"><td class=\"column-1\">11 01 15*<\/td><td class=\"column-2\">Odcieki i szlamy z system\u00f3w membranowych lub system\u00f3w wymiany jonowej zawieraj\u0105ce substancje niebezpieczne<\/td><\/tr><tr class=\"row-46 even\"><td class=\"column-1\">11 01 16*<\/td><td class=\"column-2\">Nasycone lub zu\u017cyte \u017cywice jonowymienne<\/td><\/tr><tr class=\"row-47 odd\"><td class=\"column-1\">11 05 03*<\/td><td class=\"column-2\">Odpady sta\u0142e z oczyszczania gaz\u00f3w odlotowych<\/td><\/tr><tr class=\"row-48 even\"><td class=\"column-1\">11 05 04*<\/td><td class=\"column-2\">Zu\u017cyty topnik<\/td><\/tr><tr class=\"row-49 odd\"><td class=\"column-1\">12 01 14*<\/td><td class=\"column-2\">Szlamy z obr\u00f3bki metali zawieraj\u0105ce substancje niebezpieczne<\/td><\/tr><tr class=\"row-50 even\"><td class=\"column-1\">12 01 16*<\/td><td class=\"column-2\">Odpady poszlifierskie zawieraj\u0105ce substancje niebezpieczne<\/td><\/tr><tr class=\"row-51 odd\"><td class=\"column-1\">19 08 06*<\/td><td class=\"column-2\">Nasycone lub zu\u017cyte \u017cywice jonowymienne<\/td><\/tr><tr class=\"row-52 even\"><td class=\"column-1\">19 08 11*<\/td><td class=\"column-2\">Szlamy zawieraj\u0105ce substancje niebezpieczne z biologicznego oczyszczania \u015bciek\u00f3w przemys\u0142owych<\/td><\/tr><tr class=\"row-53 odd\"><td class=\"column-1\">19 08 13*<\/td><td class=\"column-2\">Szlamy zawieraj\u0105ce substancje niebezpieczne z innego ni\u017c biologiczne oczyszczania \u015bciek\u00f3w przemys\u0142owych<\/td><\/tr><tr class=\"row-54 even\"><td class=\"column-1\">19 13 03*<\/td><td class=\"column-2\">Szlamy z oczyszczania gleby i ziemi zawieraj\u0105ce substancje niebezpieczne<\/td><\/tr><tr class=\"row-55 odd\"><td class=\"column-1\">19 13 05*<\/td><td class=\"column-2\">Szlamy z oczyszczania w\u00f3d podziemnych zawieraj\u0105ce substancje niebezpieczne<\/td><\/tr><\/tbody><\/table>\t\t\t\t\t\t\t\t<\/div>\n\t\t\t\t<\/div>\n\t\t\t\t<div class=\"elementor-element elementor-element-f46bf23 elementor-widget elementor-widget-button\" data-id=\"f46bf23\" data-element_type=\"widget\" data-e-type=\"widget\" data-widget_type=\"button.default\">\n\t\t\t\t<div class=\"elementor-widget-container\">\n\t\t\t\t\t\t\t\t\t<div class=\"elementor-button-wrapper\">\n\t\t\t\t\t<a class=\"elementor-button elementor-button-link elementor-size-sm\" href=\"https:\/\/euro-eko.mielec.pl\/new\/en\/contact\/\">\n\t\t\t\t\t\t<span class=\"elementor-button-content-wrapper\">\n\t\t\t\t\t\t<span class=\"elementor-button-icon\">\n\t\t\t\t<svg aria-hidden=\"true\" class=\"e-font-icon-svg e-fas-long-arrow-alt-right\" viewBox=\"0 0 448 512\" xmlns=\"http:\/\/www.w3.org\/2000\/svg\"><path d=\"M313.941 216H12c-6.627 0-12 5.373-12 12v56c0 6.627 5.373 12 12 12h301.941v46.059c0 21.382 25.851 32.09 40.971 16.971l86.059-86.059c9.373-9.373 9.373-24.569 0-33.941l-86.059-86.059c-15.119-15.119-40.971-4.411-40.971 16.971V216z\"><\/path><\/svg>\t\t\t<\/span>\n\t\t\t\t\t\t\t\t\t<span class=\"elementor-button-text\">Contact<\/span>\n\t\t\t\t\t<\/span>\n\t\t\t\t\t<\/a>\n\t\t\t\t<\/div>\n\t\t\t\t\t\t\t\t<\/div>\n\t\t\t\t<\/div>\n\t\t\t\t<\/div>\n\t\t\t\t\t<\/div>\n\t\t\t\t<\/div>\n\t\t<div class=\"elementor-element elementor-element-317f169 e-flex e-con-boxed e-con e-parent\" data-id=\"317f169\" data-element_type=\"container\" data-e-type=\"container\" data-settings=\"{&quot;background_background&quot;:&quot;classic&quot;}\">\n\t\t\t\t\t<div class=\"e-con-inner\">\n\t\t\t\t<div class=\"elementor-element elementor-element-1097efb header_2 animated-fast elementor-invisible elementor-widget elementor-widget-heading\" data-id=\"1097efb\" data-element_type=\"widget\" data-e-type=\"widget\" data-settings=\"{&quot;_animation&quot;:&quot;fadeInUp&quot;}\" data-widget_type=\"heading.default\">\n\t\t\t\t<div class=\"elementor-widget-container\">\n\t\t\t\t\t<h2 class=\"elementor-heading-title elementor-size-default\">MOre services<\/h2>\t\t\t\t<\/div>\n\t\t\t\t<\/div>\n\t\t\t\t<div class=\"elementor-element elementor-element-700868a animated-fast elementor-widget-divider--view-line elementor-invisible elementor-widget elementor-widget-divider\" data-id=\"700868a\" data-element_type=\"widget\" data-e-type=\"widget\" data-settings=\"{&quot;_animation&quot;:&quot;fadeInUp&quot;}\" data-widget_type=\"divider.default\">\n\t\t\t\t<div class=\"elementor-widget-container\">\n\t\t\t\t\t\t\t<div class=\"elementor-divider\">\n\t\t\t<span class=\"elementor-divider-separator\">\n\t\t\t\t\t\t<\/span>\n\t\t<\/div>\n\t\t\t\t\t\t<\/div>\n\t\t\t\t<\/div>\n\t\t<div class=\"elementor-element elementor-element-1778f57 e-con-full e-flex e-con e-child\" data-id=\"1778f57\" data-element_type=\"container\" data-e-type=\"container\">\n\t\t\t\t<div class=\"elementor-element elementor-element-e1488c3 elementor-flip-box--direction-right elementor-flip-box--3d elementor-flip-box--effect-flip elementor-widget elementor-widget-flip-box\" data-id=\"e1488c3\" data-element_type=\"widget\" data-e-type=\"widget\" data-widget_type=\"flip-box.default\">\n\t\t\t\t<div class=\"elementor-widget-container\">\n\t\t\t\t\t\t\t<div class=\"elementor-flip-box\" tabindex=\"0\">\n\t\t\t<div class=\"elementor-flip-box__layer elementor-flip-box__front\">\n\t\t\t\t<div class=\"elementor-flip-box__layer__overlay\">\n\t\t\t\t\t<div class=\"elementor-flip-box__layer__inner\">\n\t\t\t\t\t\t\t\t\t\t\t\t\t<div class=\"elementor-flip-box__image\">\n\t\t\t\t\t\t\t\t<img decoding=\"async\" width=\"133\" height=\"133\" src=\"https:\/\/euro-eko.mielec.pl\/new\/wp-content\/uploads\/2024\/10\/alternatywne-paliwa.png\" class=\"attachment-full size-full wp-image-76\" alt=\"\" \/>\t\t\t\t\t\t\t<\/div>\n\t\t\t\t\t\t\n\t\t\t\t\t\t\t\t\t\t\t\t\t<h3 class=\"elementor-flip-box__layer__title\">\n\t\t\t\t\t\t\t\tALTERNATIVE FUEL\t\t\t\t\t\t\t<\/h3>\n\t\t\t\t\t\t\n\t\t\t\t\t\t\t\t\t\t\t\t\t<div class=\"elementor-flip-box__layer__description\">\n\t\t\t\t\t\t\t\tRead more\t\t\t\t\t\t\t<\/div>\n\t\t\t\t\t\t\t\t\t\t\t<\/div>\n\t\t\t\t<\/div>\n\t\t\t<\/div>\n\t\t\t<div class=\"elementor-flip-box__layer elementor-flip-box__back\">\n\t\t\t<div class=\"elementor-flip-box__layer__overlay\">\n\t\t\t\t<div class=\"elementor-flip-box__layer__inner\">\n\t\t\t\t\t\n\t\t\t\t\t\t\t\t\t\t\t<div class=\"elementor-flip-box__layer__description\">\n\t\t\t\t\t\t\tModern technology is used in the process of producing alternative fuel where raw material is a caloric waste, including industrial and processed \u2013 municipal ones.\t\t\t\t\t\t<\/div>\n\t\t\t\t\t\n\t\t\t\t\t\t\t\t\t\t\t<a class=\"elementor-flip-box__button elementor-button elementor-size-sm\" href=\"https:\/\/euro-eko.mielec.pl\/new\/en\/alternative-fuel\/\">\n\t\t\t\t\t\t\tREAD MORE\t\t\t\t\t\t<\/a>\n\t\t\t\t\t\t\t\t<\/div>\n\t\t<\/div>\n\t\t<\/div>\n\t\t<\/div>\n\t\t\t\t\t\t<\/div>\n\t\t\t\t<\/div>\n\t\t\t\t<div class=\"elementor-element elementor-element-5a194b5 elementor-flip-box--direction-right elementor-flip-box--3d elementor-flip-box--effect-flip elementor-widget elementor-widget-flip-box\" data-id=\"5a194b5\" data-element_type=\"widget\" data-e-type=\"widget\" data-widget_type=\"flip-box.default\">\n\t\t\t\t<div class=\"elementor-widget-container\">\n\t\t\t\t\t\t\t<div class=\"elementor-flip-box\" tabindex=\"0\">\n\t\t\t<div class=\"elementor-flip-box__layer elementor-flip-box__front\">\n\t\t\t\t<div class=\"elementor-flip-box__layer__overlay\">\n\t\t\t\t\t<div class=\"elementor-flip-box__layer__inner\">\n\t\t\t\t\t\t\t\t\t\t\t\t\t<div class=\"elementor-flip-box__image\">\n\t\t\t\t\t\t\t\t<img decoding=\"async\" width=\"133\" height=\"133\" src=\"https:\/\/euro-eko.mielec.pl\/new\/wp-content\/uploads\/2024\/10\/icon-labo.png\" class=\"attachment-full size-full wp-image-77\" alt=\"\" \/>\t\t\t\t\t\t\t<\/div>\n\t\t\t\t\t\t\n\t\t\t\t\t\t\t\t\t\t\t\t\t<h3 class=\"elementor-flip-box__layer__title\">\n\t\t\t\t\t\t\t\tLABORATORY SERVICES\t\t\t\t\t\t\t<\/h3>\n\t\t\t\t\t\t\n\t\t\t\t\t\t\t\t\t\t\t\t\t<div class=\"elementor-flip-box__layer__description\">\n\t\t\t\t\t\t\t\tRead more\t\t\t\t\t\t\t<\/div>\n\t\t\t\t\t\t\t\t\t\t\t<\/div>\n\t\t\t\t<\/div>\n\t\t\t<\/div>\n\t\t\t<div class=\"elementor-flip-box__layer elementor-flip-box__back\">\n\t\t\t<div class=\"elementor-flip-box__layer__overlay\">\n\t\t\t\t<div class=\"elementor-flip-box__layer__inner\">\n\t\t\t\t\t\n\t\t\t\t\t\t\t\t\t\t\t<div class=\"elementor-flip-box__layer__description\">\n\t\t\t\t\t\t\tOur laboratory performs physical and chemical tests of the received waste, alternative fuel and biomass.\t\t\t\t\t\t<\/div>\n\t\t\t\t\t\n\t\t\t\t\t\t\t\t\t\t\t<a class=\"elementor-flip-box__button elementor-button elementor-size-sm\" href=\"https:\/\/euro-eko.mielec.pl\/new\/en\/laboratory-services\/\">\n\t\t\t\t\t\t\tREAD MORE\t\t\t\t\t\t<\/a>\n\t\t\t\t\t\t\t\t<\/div>\n\t\t<\/div>\n\t\t<\/div>\n\t\t<\/div>\n\t\t\t\t\t\t<\/div>\n\t\t\t\t<\/div>\n\t\t\t\t<div class=\"elementor-element elementor-element-f6e1c63 elementor-flip-box--direction-right elementor-flip-box--3d elementor-flip-box--effect-flip elementor-widget elementor-widget-flip-box\" data-id=\"f6e1c63\" data-element_type=\"widget\" data-e-type=\"widget\" data-widget_type=\"flip-box.default\">\n\t\t\t\t<div class=\"elementor-widget-container\">\n\t\t\t\t\t\t\t<div class=\"elementor-flip-box\" tabindex=\"0\">\n\t\t\t<div class=\"elementor-flip-box__layer elementor-flip-box__front\">\n\t\t\t\t<div class=\"elementor-flip-box__layer__overlay\">\n\t\t\t\t\t<div class=\"elementor-flip-box__layer__inner\">\n\t\t\t\t\t\t\t\t\t\t\t\t\t<div class=\"elementor-flip-box__image\">\n\t\t\t\t\t\t\t\t<img loading=\"lazy\" decoding=\"async\" width=\"133\" height=\"133\" src=\"https:\/\/euro-eko.mielec.pl\/new\/wp-content\/uploads\/2024\/10\/zaklady-produkcyjne.png\" class=\"attachment-thumbnail size-thumbnail wp-image-79\" alt=\"\" \/>\t\t\t\t\t\t\t<\/div>\n\t\t\t\t\t\t\n\t\t\t\t\t\t\t\t\t\t\t\t\t<h3 class=\"elementor-flip-box__layer__title\">\n\t\t\t\t\t\t\t\tMANUFACTURING PLANTS\t\t\t\t\t\t\t<\/h3>\n\t\t\t\t\t\t\n\t\t\t\t\t\t\t\t\t\t\t\t\t<div class=\"elementor-flip-box__layer__description\">\n\t\t\t\t\t\t\t\tRead more\t\t\t\t\t\t\t<\/div>\n\t\t\t\t\t\t\t\t\t\t\t<\/div>\n\t\t\t\t<\/div>\n\t\t\t<\/div>\n\t\t\t<div class=\"elementor-flip-box__layer elementor-flip-box__back\">\n\t\t\t<div class=\"elementor-flip-box__layer__overlay\">\n\t\t\t\t<div class=\"elementor-flip-box__layer__inner\">\n\t\t\t\t\t\n\t\t\t\t\t\t\t\t\t\t\t<div class=\"elementor-flip-box__layer__description\">\n\t\t\t\t\t\t\tWe have three modern installations for the production of alternative fuel (RDF): in Mielec, Kozodrza and Che\u0142m.\t\t\t\t\t\t<\/div>\n\t\t\t\t\t\n\t\t\t\t\t\t\t\t\t\t\t<a class=\"elementor-flip-box__button elementor-button elementor-size-sm\" href=\"https:\/\/euro-eko.mielec.pl\/new\/en\/manufacturing-plants\/\">\n\t\t\t\t\t\t\tREAD MORE\t\t\t\t\t\t<\/a>\n\t\t\t\t\t\t\t\t<\/div>\n\t\t<\/div>\n\t\t<\/div>\n\t\t<\/div>\n\t\t\t\t\t\t<\/div>\n\t\t\t\t<\/div>\n\t\t\t\t<\/div>\n\t\t\t\t\t<\/div>\n\t\t\t\t<\/div>\n\t\t\t\t<\/div>\n\t\t","protected":false},"excerpt":{"rendered":"<p>EURO-EKO SP. Z O.O. WASTE STORAGE Euro-Eko has a landfill for non-hazardous and inert waste. We also have separate chambers for hazardous waste storage. The landfill is located in our plant in Mielec within the Special Economic Zone.Below are the waste codes that can be stored with us. SK\u0141ADOWISKO ODPAD\u00d3W INNYCH NI\u017b NIEBEZPIECZNE I OBOJETNE [&hellip;]<\/p>\n","protected":false},"author":1,"featured_media":0,"parent":0,"menu_order":0,"comment_status":"closed","ping_status":"closed","template":"","meta":{"footnotes":""},"class_list":["post-2887","page","type-page","status-publish","hentry"],"_links":{"self":[{"href":"https:\/\/euro-eko.mielec.pl\/new\/wp-json\/wp\/v2\/pages\/2887","targetHints":{"allow":["GET"]}}],"collection":[{"href":"https:\/\/euro-eko.mielec.pl\/new\/wp-json\/wp\/v2\/pages"}],"about":[{"href":"https:\/\/euro-eko.mielec.pl\/new\/wp-json\/wp\/v2\/types\/page"}],"author":[{"embeddable":true,"href":"https:\/\/euro-eko.mielec.pl\/new\/wp-json\/wp\/v2\/users\/1"}],"replies":[{"embeddable":true,"href":"https:\/\/euro-eko.mielec.pl\/new\/wp-json\/wp\/v2\/comments?post=2887"}],"version-history":[{"count":10,"href":"https:\/\/euro-eko.mielec.pl\/new\/wp-json\/wp\/v2\/pages\/2887\/revisions"}],"predecessor-version":[{"id":3173,"href":"https:\/\/euro-eko.mielec.pl\/new\/wp-json\/wp\/v2\/pages\/2887\/revisions\/3173"}],"wp:attachment":[{"href":"https:\/\/euro-eko.mielec.pl\/new\/wp-json\/wp\/v2\/media?parent=2887"}],"curies":[{"name":"wp","href":"https:\/\/api.w.org\/{rel}","templated":true}]}}